{"id":726,"date":"2026-04-18T03:24:23","date_gmt":"2026-04-18T03:24:23","guid":{"rendered":"https:\/\/hangzhouapeptides.com\/?post_type=product&#038;p=726"},"modified":"2026-04-24T18:41:50","modified_gmt":"2026-04-24T18:41:50","slug":"guide-bac-a-eau","status":"publish","type":"product","link":"https:\/\/hangzhouapeptides.com\/fr\/product\/bac-water-guide\/","title":{"rendered":"Bac Water \u2013 Guide d'utilisation, dosage et m\u00e9lange"},"content":{"rendered":"<h1 data-section-id=\"tp3uzy\" data-start=\"124\" data-end=\"188\"><span role=\"text\"><strong data-start=\"126\" data-end=\"188\">Bac \u00e0 eau \u2013 Guide sur l'utilisation, le dosage et le m\u00e9lange pour les peptides<\/strong><\/span><\/h1>\n<h2 data-section-id=\"1a5ujy7\" data-start=\"190\" data-end=\"215\"><span role=\"text\"><strong data-start=\"193\" data-end=\"215\">Eau bact\u00e9riostatique<\/strong><\/span><\/h2>\n<p data-start=\"217\" data-end=\"310\">Si vous d\u00e9butez avec les peptides, l'une des premi\u00e8res questions que vous pourriez vous poser est : <strong data-start=\"288\" data-end=\"309\">eau bac<\/strong>?<\/p>\n<p data-start=\"312\" data-end=\"543\"><strong data-start=\"312\" data-end=\"325\">Bac d'eau<\/strong>, abr\u00e9viation de eau bact\u00e9riostatique, est de l'eau st\u00e9rile contenant une petite quantit\u00e9 d'alcool benzylique. Cet ingr\u00e9dient ajout\u00e9 aide \u00e0 pr\u00e9venir la croissance bact\u00e9rienne, la rendant s\u00fbre pour des utilisations multiples dans le temps lorsqu'elle est manipul\u00e9e correctement.<\/p>\n<p data-start=\"545\" data-end=\"757\">Il est couramment utilis\u00e9 dans les milieux m\u00e9dicaux et de recherche pour diluer ou m\u00e9langer des substances. Plus important encore, il est largement utilis\u00e9 comme <strong data-start=\"672\" data-end=\"698\">bac d'eau pour peptides<\/strong>, surtout lors de la pr\u00e9paration de compos\u00e9s lyophilis\u00e9s (en poudre).<\/p>\n<h2 data-section-id=\"i02xjw\" data-start=\"764\" data-end=\"794\"><span role=\"text\"><strong data-start=\"767\" data-end=\"794\">Bac d'eau pour pr\u00e9paration injectable<\/strong><\/span><\/h2>\n<p data-start=\"796\" data-end=\"936\"><strong data-start=\"796\" data-end=\"823\">Eau pour pr\u00e9parations injectables<\/strong> est con\u00e7u pour la dilution s\u00e9curitaire des substances avant utilisation. Il est st\u00e9rile et fabriqu\u00e9 pour r\u00e9pondre \u00e0 des normes de qualit\u00e9 strictes.<\/p>\n<p data-start=\"938\" data-end=\"1088\">Contrairement \u00e0 l'eau ordinaire, elle est pr\u00e9par\u00e9e dans un environnement contr\u00f4l\u00e9. Cela la rend adapt\u00e9e aux applications de pr\u00e9cision o\u00f9 la contamination doit \u00eatre \u00e9vit\u00e9e.<\/p>\n<p data-start=\"1090\" data-end=\"1204\">Dans les contextes de recherche, <strong data-start=\"1112\" data-end=\"1139\">eau pour pr\u00e9paration injectable<\/strong> joue un r\u00f4le cl\u00e9 dans la pr\u00e9paration s\u00fbre et coh\u00e9rente des compos\u00e9s.<\/p>\n<h2 data-section-id=\"1r7fx6p\" data-start=\"1211\" data-end=\"1240\"><span role=\"text\"><strong data-start=\"1214\" data-end=\"1240\">BAC Eau pour peptides<\/strong><\/span><\/h2>\n<p data-start=\"1242\" data-end=\"1364\">L'une des utilisations les plus courantes est <a href=\"http:\/\/Bac Water \u2013 How to Use, Dosage &amp; Mixing Guide\"><strong data-start=\"1273\" data-end=\"1299\">bac d'eau pour peptides<\/strong><\/a>. De nombreux peptides se pr\u00e9sentent sous forme de poudre et doivent \u00eatre m\u00e9lang\u00e9s avant utilisation.<\/p>\n<p data-start=\"1366\" data-end=\"1498\">Ce proc\u00e9d\u00e9 s'appelle la reconstitution. En utilisant <a href=\"http:\/\/Bac Water \u2013 How to Use, Dosage &amp; Mixing Guide\"><strong data-start=\"1411\" data-end=\"1424\">bac \u00e0 eau<\/strong><\/a> aide \u00e0 garantir que le peptide reste stable et exempt de contamination.<\/p>\n<p data-start=\"1500\" data-end=\"1633\">Si vous travaillez avec des peptides comme le KPV ou le SNAP-8, vous pouvez explorer les options disponibles ici :<\/p>\n<h2 data-section-id=\"baoazc\" data-start=\"1640\" data-end=\"1667\"><span role=\"text\"><strong data-start=\"1643\" data-end=\"1667\">Comment utiliser l'eau bact\u00e9riostatique<\/strong><\/span><\/h2>\n<p data-start=\"1669\" data-end=\"1750\">Compr\u00e9hension <strong data-start=\"1683\" data-end=\"1707\">comment utiliser l'eau de Bac<\/strong> est important pour la s\u00e9curit\u00e9 et l'efficacit\u00e9.<\/p>\n<p data-start=\"1752\" data-end=\"1768\">En termes simples :<\/p>\n<ul data-start=\"1769\" data-end=\"1897\">\n<li data-section-id=\"hkyait\" data-start=\"1769\" data-end=\"1810\">Il est utilis\u00e9 pour diluer ou m\u00e9langer des compos\u00e9s<\/li>\n<li data-section-id=\"18y2ivu\" data-start=\"1811\" data-end=\"1850\">Il doit \u00eatre manipul\u00e9 de mani\u00e8re st\u00e9rile<\/li>\n<li data-section-id=\"phvk6n\" data-start=\"1851\" data-end=\"1897\">Il devrait \u00eatre conserv\u00e9 correctement apr\u00e8s ouverture<\/li>\n<\/ul>\n<p data-start=\"1899\" data-end=\"1992\">Lorsqu'il est utilis\u00e9 correctement, <strong data-start=\"1920\" data-end=\"1933\">bac \u00e0 eau<\/strong> aide \u00e0 maintenir la qualit\u00e9 du compos\u00e9 pr\u00e9par\u00e9.<\/p>\n<h2 data-section-id=\"1qh1t4b\" data-start=\"1999\" data-end=\"2046\"><span role=\"text\"><strong data-start=\"2002\" data-end=\"2046\">Quelle quantit\u00e9 d'eau BAC utiliser (Guide de dosage)<\/strong><\/span><\/h2>\n<p data-start=\"2048\" data-end=\"2100\">Une question fr\u00e9quente est : <strong data-start=\"2070\" data-end=\"2099\">combien d'eau BAC utiliser<\/strong>?<\/p>\n<p data-start=\"2102\" data-end=\"2124\">La r\u00e9ponse d\u00e9pend de:<\/p>\n<ul data-start=\"2125\" data-end=\"2203\">\n<li data-section-id=\"eh12en\" data-start=\"2125\" data-end=\"2149\">La quantit\u00e9 de poudre<\/li>\n<li data-section-id=\"ki88xd\" data-start=\"2150\" data-end=\"2175\">Concentration d\u00e9sir\u00e9e<\/li>\n<li data-section-id=\"1litovc\" data-start=\"2176\" data-end=\"2203\">Besoins de recherche sp\u00e9cifiques<\/li>\n<\/ul>\n<p data-start=\"2205\" data-end=\"2338\">Il n'y a pas de solution unique <strong data-start=\"2235\" data-end=\"2255\">dosage d'eau dans un bac<\/strong>, mais une mesure soign\u00e9e est toujours n\u00e9cessaire. La pr\u00e9cision garantit des r\u00e9sultats constants.<\/p>\n<h2 data-section-id=\"1hyawun\" data-start=\"2345\" data-end=\"2386\"><span role=\"text\"><strong data-start=\"2348\" data-end=\"2386\">Comment m\u00e9langer des peptides avec de l'eau bact\u00e9riostatique<\/strong><\/span><\/h2>\n<p data-start=\"2388\" data-end=\"2479\">Le processus de <strong data-start=\"2403\" data-end=\"2441\">Comment m\u00e9langer des peptides avec de l'eau bact\u00e9riostatique<\/strong> c'est simple mais cela doit \u00eatre fait avec soin.<\/p>\n<p data-start=\"2481\" data-end=\"2495\">Les \u00e9tapes comprennent :<\/p>\n<ul data-start=\"2496\" data-end=\"2636\">\n<li data-section-id=\"1tby75l\" data-start=\"2496\" data-end=\"2523\">Nettoyez le flacon correctement<\/li>\n<li data-section-id=\"15x2pfb\" data-start=\"2524\" data-end=\"2562\">Ajoutez lentement de l'eau bact\u00e9riostatique \u00e0 la poudre<\/li>\n<li data-section-id=\"7dldp1\" data-start=\"2563\" data-end=\"2593\">\u00c9vitez de secouer agressivement<\/li>\n<li data-section-id=\"avw4vl\" data-start=\"2594\" data-end=\"2636\">Laisser la poudre se dissoudre naturellement<\/li>\n<\/ul>\n<p data-start=\"2638\" data-end=\"2737\">Ce processus, connu sous le nom de <strong data-start=\"2661\" data-end=\"2690\">m\u00e9lange de peptides dans une cuve d'eau<\/strong>, aide \u00e0 pr\u00e9server la structure du compos\u00e9.<\/p>\n<p data-start=\"2739\" data-end=\"2927\">Pour un historique scientifique plus d\u00e9taill\u00e9 sur la pr\u00e9paration des peptides, vous pouvez vous r\u00e9f\u00e9rer \u00e0 ceci <a href=\"https:\/\/www.ncbi.nlm.nih.gov\/books\/NBK92761\/\" target=\"_blank\" rel=\"noopener\"><strong data-start=\"2825\" data-end=\"2876\">Ressource du NCBI sur la manipulation et les solutions peptidiques<\/strong><\/a><\/p>\n<h2 data-section-id=\"1ndrbbh\" data-start=\"2934\" data-end=\"2969\"><span role=\"text\"><strong data-start=\"2937\" data-end=\"2969\">Bacs d'eau pour reconstitution<\/strong><\/span><\/h2>\n<p data-start=\"2971\" data-end=\"3125\"><strong data-start=\"2971\" data-end=\"3003\">Eau pour reconsitution de Bac<\/strong> est largement utilis\u00e9 dans la pr\u00e9paration de substances en poudre. La reconstitution signifie simplement transformer un compos\u00e9 sec en une forme liquide.<\/p>\n<p data-start=\"3127\" data-end=\"3244\">Parce que <strong data-start=\"3135\" data-end=\"3148\">bac \u00e0 eau<\/strong> contient un conservateur, il permet plusieurs utilisations sur une courte p\u00e9riode lorsqu'il est stock\u00e9 correctement.<\/p>\n<p data-start=\"3246\" data-end=\"3325\">Cela en fait, dans de nombreux cas, une option privil\u00e9gi\u00e9e par rapport \u00e0 l'eau st\u00e9rile simple.<\/p>\n<h2 data-section-id=\"1hgnp0q\" data-start=\"3332\" data-end=\"3378\"><span role=\"text\"><strong data-start=\"3335\" data-end=\"3378\">Le Bac d'eau doit-il \u00eatre r\u00e9frig\u00e9r\u00e9 ?<\/strong><\/span><\/h2>\n<p data-start=\"3380\" data-end=\"3444\">Une pr\u00e9occupation courante est : <strong data-start=\"3401\" data-end=\"3443\">L'eau bact\u00e9riostatique doit-elle \u00eatre r\u00e9frig\u00e9r\u00e9e<\/strong>?<\/p>\n<p data-start=\"3446\" data-end=\"3563\">Apr\u00e8s ouverture, la r\u00e9frig\u00e9ration est recommand\u00e9e. Ceci permet de maintenir sa stabilit\u00e9 et de r\u00e9duire les risques de contamination.<\/p>\n<p data-start=\"3565\" data-end=\"3670\">Garder <strong data-start=\"3573\" data-end=\"3586\">bac \u00e0 eau<\/strong> Dans un environnement frais et propre, sa dur\u00e9e de vie sera prolong\u00e9e et une meilleure s\u00e9curit\u00e9 sera assur\u00e9e.<\/p>\n<h2 data-section-id=\"1ktoqw2\" data-start=\"3677\" data-end=\"3713\"><span role=\"text\"><strong data-start=\"3680\" data-end=\"3713\">Combien de temps dure l'eau bact\u00e9riostatique ?<\/strong><\/span><\/h2>\n<p data-start=\"3715\" data-end=\"3779\">Une autre question importante est : <strong data-start=\"3746\" data-end=\"3778\">Combien de temps dure l'eau bact\u00e9riostatique<\/strong>?<\/p>\n<p data-start=\"3781\" data-end=\"3793\">Une fois ouvert :<\/p>\n<ul data-start=\"3794\" data-end=\"3905\">\n<li data-section-id=\"1vyeksi\" data-start=\"3794\" data-end=\"3840\">Il est g\u00e9n\u00e9ralement utilis\u00e9 dans un d\u00e9lai limit\u00e9<\/li>\n<li data-section-id=\"1lxuetj\" data-start=\"3841\" data-end=\"3872\">Un stockage appropri\u00e9 est important<\/li>\n<li data-section-id=\"1lgek4r\" data-start=\"3873\" data-end=\"3905\">\u00c9viter la contamination r\u00e9p\u00e9t\u00e9e<\/li>\n<\/ul>\n<p data-start=\"3907\" data-end=\"4048\">De m\u00eame, <strong data-start=\"3918\" data-end=\"3952\">Combien de temps l'eau bact\u00e9riostatique est-elle bonne ?<\/strong> cela d\u00e9pend de la fa\u00e7on dont il est trait\u00e9. Une utilisation et une r\u00e9frig\u00e9ration ad\u00e9quates peuvent aider \u00e0 maintenir sa qualit\u00e9.<\/p>\n<h2 data-section-id=\"1wl0esw\" data-start=\"4055\" data-end=\"4088\"><span role=\"text\"><strong data-start=\"4058\" data-end=\"4088\">Eau du bac vs eau st\u00e9rile<\/strong><\/span><\/h2>\n<p data-start=\"4090\" data-end=\"4148\">Compr\u00e9hension <strong data-start=\"4104\" data-end=\"4134\">eau du bac vs eau st\u00e9rile<\/strong> est important.<\/p>\n<ul data-start=\"4150\" data-end=\"4290\">\n<li data-section-id=\"11x5vyb\" data-start=\"4150\" data-end=\"4222\"><strong data-start=\"4152\" data-end=\"4165\">Bac d'eau<\/strong> contient de l'alcool benzylique et peut \u00eatre utilis\u00e9 plusieurs fois<\/li>\n<li data-section-id=\"1ewpwoy\" data-start=\"4223\" data-end=\"4290\"><strong data-start=\"4225\" data-end=\"4242\">Eau st\u00e9rile<\/strong> ne contient aucun conservateur et est g\u00e9n\u00e9ralement \u00e0 usage unique<\/li>\n<\/ul>\n<p data-start=\"4292\" data-end=\"4380\">\u00c0 cause de cela, <strong data-start=\"4309\" data-end=\"4322\">bac \u00e0 eau<\/strong> est souvent pr\u00e9f\u00e9r\u00e9e pour le m\u00e9lange et la reconstitution des peptides.<\/p>\n<h2 data-section-id=\"1xpuy2w\" data-start=\"4387\" data-end=\"4416\"><span role=\"text\"><strong data-start=\"4390\" data-end=\"4416\">O\u00f9 acheter de l'eau bact\u00e9ricide<\/strong><\/span><\/h2>\n<p data-start=\"4418\" data-end=\"4516\">Si vous cherchez <strong data-start=\"4443\" data-end=\"4469\">o\u00f9 acheter de l'eau bact\u00e9riostatique<\/strong>, il est important de choisir un fournisseur de confiance.<\/p>\n<p data-start=\"4518\" data-end=\"4538\">Vous devriez rechercher :<\/p>\n<ul data-start=\"4539\" data-end=\"4626\">\n<li data-section-id=\"13qzuxa\" data-start=\"4539\" data-end=\"4572\">Produits st\u00e9riles de haute qualit\u00e9<\/li>\n<li data-section-id=\"17p1h2g\" data-start=\"4573\" data-end=\"4594\">Sources fiables<\/li>\n<li data-section-id=\"xu9xy7\" data-start=\"4595\" data-end=\"4626\">Manipulation et stockage appropri\u00e9s<\/li>\n<\/ul>\n<p data-start=\"4628\" data-end=\"4705\">Pour explorer les options disponibles, <a href=\"https:\/\/hangzhouapeptides.com\/fr\/boutique\/\">visiter<\/a><\/p>\n<h2 data-section-id=\"z3uupw\" data-start=\"4712\" data-end=\"4737\"><span role=\"text\"><strong data-start=\"4715\" data-end=\"4737\">Acheter de l'eau bact\u00e9riostatique ici<\/strong><\/span><\/h2>\n<p data-start=\"4739\" data-end=\"4822\">Si vous \u00eates pr\u00eat \u00e0 continuer, vous pouvez <strong data-start=\"4776\" data-end=\"4798\">acheter de l'eau bact\u00e9riostatique ici<\/strong> de notre magasin de confiance.<\/p>\n<p data-start=\"4824\" data-end=\"4833\">Nous proposons :<\/p>\n<ul data-start=\"4834\" data-end=\"4921\">\n<li data-section-id=\"gqij6n\" data-start=\"4834\" data-end=\"4874\">Produits de qualit\u00e9 sup\u00e9rieure de grade recherche<\/li>\n<li data-section-id=\"17p1h2g\" data-start=\"4875\" data-end=\"4896\">Sources fiables<\/li>\n<li data-section-id=\"1m0dfds\" data-start=\"4897\" data-end=\"4921\">Normes coh\u00e9rentes<\/li>\n<\/ul>\n<p data-start=\"4923\" data-end=\"4990\">\ud83d\udc49 <strong data-start=\"4926\" data-end=\"4952\"><a href=\"https:\/\/hangzhouapeptides.com\/fr\/boutique\/\">Parcourir et commander ici<\/a><\/strong><\/p>\n<p data-start=\"4992\" data-end=\"5078\">Choisir le bon fournisseur assure une meilleure pr\u00e9paration et une confiance accrue dans votre processus.<\/p>\n<h2 data-section-id=\"yzqf3t\" data-start=\"5085\" data-end=\"5140\"><span role=\"text\"><strong data-start=\"5088\" data-end=\"5140\">Recherche scientifique sur l'eau bact\u00e9riostatique et sa pr\u00e9paration<\/strong><\/span><\/h2>\n<p data-start=\"5142\" data-end=\"5198\">Pour une compr\u00e9hension plus approfondie, les ressources scientifiques peuvent aider.<\/p>\n<p data-start=\"5200\" data-end=\"5366\">A <a href=\"https:\/\/pubmed.ncbi.nlm.nih.gov\/\" target=\"_blank\" rel=\"noopener\"><strong data-start=\"5202\" data-end=\"5269\">Ressource PubMed sur les solutions st\u00e9riles et les techniques de pr\u00e9paration<\/strong><\/a> Une dilution appropri\u00e9e soutient une utilisation s\u00fbre car elle permet de r\u00e9duire la concentration de substances potentiellement dangereuses \u00e0 des niveaux qui ne pr\u00e9sentent pas de risque pour la sant\u00e9 ou l'environnement. Elle garantit que les produits chimiques, les m\u00e9dicaments ou les d\u00e9sinfectants sont utilis\u00e9s aux doses efficaces et s\u00fbres recommand\u00e9es, pr\u00e9venant ainsi les intoxications, les irritations, les br\u00fblures ou d'autres effets ind\u00e9sirables. En suivant les directives de dilution, on s'assure que le produit final est \u00e0 la fois efficace pour son usage pr\u00e9vu et sans danger pour ceux qui l'utilisent et qui y sont expos\u00e9s.<\/p>\n<p data-start=\"5368\" data-end=\"5488\">Vous pouvez \u00e9galement explorer davantage \u00a0<a href=\"https:\/\/www.ncbi.nlm.nih.gov\/\" target=\"_blank\" rel=\"noopener\"><strong data-start=\"5394\" data-end=\"5447\">Recherche du NCBI sur la pr\u00e9paration et la conservation des solutions<\/strong><\/a> ici<\/p>\n<p data-start=\"5490\" data-end=\"5575\">Ces sources donnent un aper\u00e7u des raisons pour lesquelles une manipulation correcte de <strong data-start=\"5548\" data-end=\"5561\">bac \u00e0 eau<\/strong> est important.<\/p>\n<h2 data-section-id=\"ru52yb\" data-start=\"5582\" data-end=\"5616\"><span role=\"text\"><strong data-start=\"5585\" data-end=\"5616\">R\u00e9flexions finales sur l'eau du Bac<\/strong><\/span><\/h2>\n<p data-start=\"5618\" data-end=\"5771\"><strong data-start=\"5618\" data-end=\"5631\">Bac d'eau<\/strong> est une partie essentielle de la pr\u00e9paration et de la reconstitution des peptides. Il aide \u00e0 maintenir la stabilit\u00e9, soutient un m\u00e9lange s\u00fbr et assure la coh\u00e9rence.<\/p>\n<p data-start=\"5773\" data-end=\"5901\">\u00c0 partir de la compr\u00e9hension <strong data-start=\"5792\" data-end=\"5813\">eau bac<\/strong> \u00e0 l'apprentissage <strong data-start=\"5826\" data-end=\"5864\">Comment m\u00e9langer des peptides avec de l'eau bact\u00e9riostatique<\/strong>, il est clair que l'utilisation appropri\u00e9e est la cl\u00e9.<\/p>\n<p data-start=\"5903\" data-end=\"6025\">Si vous travaillez avec des peptides ou des compos\u00e9s de recherche, avoir de haute qualit\u00e9 <strong data-start=\"5979\" data-end=\"5992\">bac \u00e0 eau<\/strong> est important pour de meilleurs r\u00e9sultats.<\/p>\n<p data-start=\"6027\" data-end=\"6097\">\ud83d\udc49 Explore des options de confiance <a href=\"https:\/\/hangzhouapeptides.com\/fr\/boutique\/\">ici<\/a><\/p>","protected":false},"excerpt":{"rendered":"<p data-start=\"6494\" data-end=\"6633\">L'eau bact\u00e9riostatique (eau bac) est utilis\u00e9e pour le m\u00e9lange et la reconstitution des peptides. Elle aide \u00e0 maintenir la st\u00e9rilit\u00e9 et la stabilit\u00e9 pour un usage en recherche.<\/p>","protected":false},"featured_media":729,"comment_status":"open","ping_status":"closed","template":"","meta":[],"product_brand":[],"product_cat":[575],"product_tag":[556,562,557,558,565,564,566,568,561,563,560,559,567],"class_list":{"0":"post-726","1":"product","2":"type-product","3":"status-publish","4":"has-post-thumbnail","6":"product_cat-accessories","7":"product_tag-bac-water","8":"product_tag-bac-water-dosage","9":"product_tag-bac-water-for-injection","10":"product_tag-bac-water-for-peptides","11":"product_tag-bac-water-for-reconstitution","12":"product_tag-bac-water-mixing-peptides","13":"product_tag-bac-water-vs-sterile-water","14":"product_tag-buy-bac-water","15":"product_tag-how-much-bac-water-to-use","16":"product_tag-how-to-mix-peptides-with-bac-water","17":"product_tag-how-to-use-bac-water","18":"product_tag-what-is-bac-water","19":"product_tag-where-to-buy-bac-water","21":"first","22":"instock","23":"shipping-taxable","24":"purchasable","25":"product-type-variable"},"jetpack_sharing_enabled":true,"_links":{"self":[{"href":"https:\/\/hangzhouapeptides.com\/fr\/wp-json\/wp\/v2\/product\/726","targetHints":{"allow":["GET"]}}],"collection":[{"href":"https:\/\/hangzhouapeptides.com\/fr\/wp-json\/wp\/v2\/product"}],"about":[{"href":"https:\/\/hangzhouapeptides.com\/fr\/wp-json\/wp\/v2\/types\/product"}],"replies":[{"embeddable":true,"href":"https:\/\/hangzhouapeptides.com\/fr\/wp-json\/wp\/v2\/comments?post=726"}],"wp:featuredmedia":[{"embeddable":true,"href":"https:\/\/hangzhouapeptides.com\/fr\/wp-json\/wp\/v2\/media\/729"}],"wp:attachment":[{"href":"https:\/\/hangzhouapeptides.com\/fr\/wp-json\/wp\/v2\/media?parent=726"}],"wp:term":[{"taxonomy":"product_brand","embeddable":true,"href":"https:\/\/hangzhouapeptides.com\/fr\/wp-json\/wp\/v2\/product_brand?post=726"},{"taxonomy":"product_cat","embeddable":true,"href":"https:\/\/hangzhouapeptides.com\/fr\/wp-json\/wp\/v2\/product_cat?post=726"},{"taxonomy":"product_tag","embeddable":true,"href":"https:\/\/hangzhouapeptides.com\/fr\/wp-json\/wp\/v2\/product_tag?post=726"}],"curies":[{"name":"wp","href":"https:\/\/api.w.org\/{rel}","templated":true}]}}