{"id":717,"date":"2026-04-18T02:16:27","date_gmt":"2026-04-18T02:16:27","guid":{"rendered":"https:\/\/hangzhouapeptides.com\/?post_type=product&#038;p=717"},"modified":"2026-04-24T18:43:23","modified_gmt":"2026-04-24T18:43:23","slug":"pnc27-bienfaits-dosage-acheter","status":"publish","type":"product","link":"https:\/\/hangzhouapeptides.com\/fr\/product\/pnc27-peptide-benefits-dosage-buy\/","title":{"rendered":"Peptide PNC27 \u2013 Bienfaits, dosage et o\u00f9 acheter"},"content":{"rendered":"<h1 data-section-id=\"nc92iq\" data-start=\"101\" data-end=\"159\"><span role=\"text\"><strong data-start=\"103\" data-end=\"159\">PNC27 Peptide \u2013 B\u00e9n\u00e9fices, M\u00e9canisme et Guide de Recherche<\/strong><\/span><\/h1>\n<h2 data-section-id=\"zcdz6z\" data-start=\"161\" data-end=\"190\"><span role=\"text\"><strong data-start=\"164\" data-end=\"190\">Qu'est-ce que le peptide PNC27 ?<\/strong><\/span><\/h2>\n<p data-start=\"192\" data-end=\"433\">Le <strong data-start=\"196\" data-end=\"213\">peptide pnc27<\/strong> est un compos\u00e9 de recherche \u00e9tudi\u00e9 pour son r\u00f4le potentiel dans le ciblage des cellules anormales. Il est con\u00e7u pour interagir avec des prot\u00e9ines sp\u00e9cifiques pr\u00e9sentes \u00e0 la surface de certaines cellules, en particulier celles li\u00e9es \u00e0 la croissance incontr\u00f4l\u00e9e.<\/p>\n<p data-start=\"435\" data-end=\"681\">Contrairement \u00e0 de nombreux compos\u00e9s traditionnels, le <strong data-start=\"474\" data-end=\"491\">peptide pnc27<\/strong> il agit d'une mani\u00e8re tr\u00e8s cibl\u00e9e. Il se concentre sur l'identification de marqueurs cellulaires sp\u00e9cifiques plut\u00f4t que d'affecter l'ensemble du syst\u00e8me. C'est pourquoi il a suscit\u00e9 l'int\u00e9r\u00eat dans les milieux de recherche avanc\u00e9e.<\/p>\n<p data-start=\"683\" data-end=\"900\">En termes simples, <strong data-start=\"700\" data-end=\"717\">peptide pnc27<\/strong> est \u00e9tudi\u00e9e pour sa capacit\u00e9 \u00e0 reconna\u00eetre et \u00e0 agir sur les cellules probl\u00e9matiques tout en affectant moins les cellules saines. Cela la diff\u00e9rencie de nombreuses approches de traitement g\u00e9n\u00e9rales.<\/p>\n<h2 data-section-id=\"1gv81bc\" data-start=\"907\" data-end=\"949\"><span role=\"text\"><strong data-start=\"910\" data-end=\"949\">Comment le peptide PNC27 agit dans le corps<\/strong><\/span><\/h2>\n<p data-start=\"951\" data-end=\"1183\">Le <strong data-start=\"955\" data-end=\"972\">peptide pnc27<\/strong> fonctionne en se liant \u00e0 une prot\u00e9ine appel\u00e9e HDM-2, souvent pr\u00e9sente en plus grande quantit\u00e9 sur certaines cellules anormales. Une fois li\u00e9 \u00e0 cette prot\u00e9ine, il peut cr\u00e9er des pores dans la membrane cellulaire, entra\u00eenant la lyse cellulaire.<\/p>\n<p data-start=\"1185\" data-end=\"1389\">Ce m\u00e9canisme est tr\u00e8s sp\u00e9cifique. Au lieu d'endommager toutes les cellules, le <strong data-start=\"1253\" data-end=\"1270\">peptide pnc27<\/strong> ciblent ceux qui portent le marqueur HDM-2. C'est pourquoi les chercheurs le consid\u00e8rent comme un compos\u00e9 prometteur pour un ciblage s\u00e9lectif.<\/p>\n<p data-start=\"1391\" data-end=\"1568\">Selon les \u00e9tudes index\u00e9es sur le<a href=\"https:\/\/www.ncbi.nlm.nih.gov\/pmc\/articles\/PMC5527164\/\" target=\"_blank\" rel=\"noopener\"> Centre national pour l'information biotechnologique<\/a>Le n, PNC-27 a d\u00e9montr\u00e9 sa capacit\u00e9 \u00e0 induire la mort cellulaire dans des cellules cibl\u00e9es tout en \u00e9pargnant les cellules normales.<\/p>\n<p data-start=\"1628\" data-end=\"1731\">Des donn\u00e9es scientifiques suppl\u00e9mentaires peuvent \u00e9galement \u00eatre explor\u00e9es sur <a href=\"https:\/\/pubmed.ncbi.nlm.nih.gov\/?term=PNC-27\" target=\"_blank\" rel=\"noopener\">recherches cliniques sur le peptide PNC27 ici<\/a>:<\/p>\n<h2 data-section-id=\"ca9pmo\" data-start=\"1738\" data-end=\"1767\"><span role=\"text\"><strong data-start=\"1741\" data-end=\"1767\">B\u00e9n\u00e9fices du Peptide PNC27<\/strong><\/span><\/h2>\n<p data-start=\"1769\" data-end=\"1894\">Quand les gens recherchent <strong data-start=\"1792\" data-end=\"1818\">avantages du peptide pnc27<\/strong>, ils s'int\u00e9ressent g\u00e9n\u00e9ralement \u00e0 son action cibl\u00e9e et \u00e0 son potentiel de recherche.<\/p>\n<p data-start=\"1896\" data-end=\"1937\">Certains avantages couramment discut\u00e9s comprennent :<\/p>\n<ul data-start=\"1939\" data-end=\"2126\">\n<li data-section-id=\"1qq90xz\" data-start=\"1939\" data-end=\"1980\">Ciblage s\u00e9lectif des cellules anormales<\/li>\n<li data-section-id=\"w51lcd\" data-start=\"1981\" data-end=\"2016\">Effet minimal sur les cellules saines<\/li>\n<li data-section-id=\"kucjyp\" data-start=\"2017\" data-end=\"2071\">M\u00e9canisme unique par rapport aux compos\u00e9s traditionnels<\/li>\n<li data-section-id=\"1stj823\" data-start=\"2072\" data-end=\"2126\">Application potentielle dans des \u00e9tudes de recherche avanc\u00e9es<\/li>\n<\/ul>\n<p data-start=\"2128\" data-end=\"2331\">L'aspect le plus important de <strong data-start=\"2161\" data-end=\"2178\">peptide pnc27<\/strong> sa pr\u00e9cision. Au lieu d'agir de mani\u00e8re globale, il se concentre sur des marqueurs sp\u00e9cifiques. Cela en fait un candidat solide dans la recherche li\u00e9e aux th\u00e9rapies cibl\u00e9es.<\/p>\n<p data-start=\"2333\" data-end=\"2491\">Si vous explorez d'autres peptides aux fonctions diff\u00e9rentes, vous pouvez \u00e9galement consulter les options disponibles dans notre peptide <a href=\"https:\/\/hangzhouapeptides.com\/fr\/boutique\/\">boutique<\/a><\/p>\n<h2 data-section-id=\"1w6in80\" data-start=\"2498\" data-end=\"2545\"><span role=\"text\"><strong data-start=\"2501\" data-end=\"2545\">Dosage du peptide PNC27 (usage recherche uniquement)<\/strong><\/span><\/h2>\n<p data-start=\"2547\" data-end=\"2744\">Compr\u00e9hension <strong data-start=\"2561\" data-end=\"2585\">dosage de peptide pnc27<\/strong> est important, mais il doit \u00eatre manipul\u00e9 avec soin. Ce compos\u00e9 est strictement consid\u00e9r\u00e9 comme un <strong data-start=\"2673\" data-end=\"2693\">recherche peptide<\/strong>, et il n'y a pas de dosage universel pour une utilisation g\u00e9n\u00e9rale.<\/p>\n<p data-start=\"2746\" data-end=\"2786\">Dans les contextes de recherche, le dosage d\u00e9pend de :<\/p>\n<ul data-start=\"2788\" data-end=\"2870\">\n<li data-section-id=\"c6d5e8\" data-start=\"2788\" data-end=\"2816\">Le but de l'\u00e9tude<\/li>\n<li data-section-id=\"1u3llxz\" data-start=\"2817\" data-end=\"2841\">Type de cellule ou sujet<\/li>\n<li data-section-id=\"cu9qz4\" data-start=\"2842\" data-end=\"2870\">Mode d'administration<\/li>\n<\/ul>\n<p data-start=\"2872\" data-end=\"3026\">\u00c0 cause de ces facteurs, <strong data-start=\"2898\" data-end=\"2922\">dosage de peptide pnc27<\/strong> varie consid\u00e9rablement. Il est toujours recommand\u00e9 de suivre des protocoles de recherche structur\u00e9s et une supervision d'experts.<\/p>\n<p data-start=\"3028\" data-end=\"3164\">Ne tentez jamais d'estimer un dosage sans connaissances appropri\u00e9es. Les environnements contr\u00f4l\u00e9s sont essentiels lorsque vous travaillez avec des peptides comme le PNC-27.<\/p>\n<h2 data-section-id=\"5j90jv\" data-start=\"3171\" data-end=\"3222\"><span role=\"text\"><strong data-start=\"3174\" data-end=\"3222\">Compos\u00e9s apparent\u00e9s et peptides PNC27<\/strong><\/span><\/h2>\n<p data-start=\"3224\" data-end=\"3416\">Le <strong data-start=\"3228\" data-end=\"3245\">peptide pnc27<\/strong> est souvent \u00e9tudi\u00e9 aux c\u00f4t\u00e9s d'autres compos\u00e9s pour mieux comprendre son r\u00f4le et ses effets. La combinaison des perspectives de recherche aide \u00e0 construire une image compl\u00e8te de la fonctionnalit\u00e9 des peptides.<\/p>\n<p data-start=\"3418\" data-end=\"3439\">Vous pouvez \u00e9galement explorer :<\/p>\n<ul data-start=\"3441\" data-end=\"3566\">\n<li data-section-id=\"1hh4c2b\" data-start=\"3441\" data-end=\"3482\">Peptide TA1 pour le soutien du syst\u00e8me immunitaire<\/li>\n<li data-section-id=\"1cyjoot\" data-start=\"3483\" data-end=\"3524\">Peptide IL37 pour le contr\u00f4le de l'inflammation<\/li>\n<li data-section-id=\"1ew1pzw\" data-start=\"3525\" data-end=\"3566\">CJC-1295 pour la recherche sur les hormones<\/li>\n<\/ul>\n<p data-start=\"3568\" data-end=\"3707\">Ces compos\u00e9s remplissent des fonctions diff\u00e9rentes, et les lier ensemble sur votre site web contribue \u00e0 am\u00e9liorer la compr\u00e9hension des utilisateurs ainsi que les performances SEO.<\/p>\n<p data-start=\"3709\" data-end=\"3797\">Pour parcourir tous les peptides de recherche disponibles,<a href=\"https:\/\/hangzhouapeptides.com\/fr\/boutique\/\">visiter<\/a><\/p>\n<h2 data-section-id=\"10xvhjw\" data-start=\"3804\" data-end=\"3837\"><span role=\"text\"><strong data-start=\"3807\" data-end=\"3837\">O\u00f9 acheter le peptide PNC27<\/strong><\/span><\/h2>\n<p data-start=\"3839\" data-end=\"4003\">Si vous cherchez <strong data-start=\"3864\" data-end=\"3894\">O\u00f9 acheter le peptide pnc27<\/strong>, il est important de choisir un fournisseur fiable et de confiance. La qualit\u00e9 joue un r\u00f4le majeur dans la pr\u00e9cision de la recherche.<\/p>\n<p data-start=\"4005\" data-end=\"4040\">Lors du choix d'un fournisseur, tenez compte de :<\/p>\n<ul data-start=\"4042\" data-end=\"4171\">\n<li data-section-id=\"1ger1dy\" data-start=\"4042\" data-end=\"4073\">Niveaux de haute puret\u00e9 (98\u201399%)<\/li>\n<li data-section-id=\"9jregs\" data-start=\"4074\" data-end=\"4113\">Tests de laboratoire v\u00e9rifi\u00e9s (rapports HPLC)<\/li>\n<li data-section-id=\"19bhmwm\" data-start=\"4114\" data-end=\"4138\">Approvisionnement transparent<\/li>\n<li data-section-id=\"10mkb7h\" data-start=\"4139\" data-end=\"4171\">Exp\u00e9dition s\u00e9curis\u00e9e et discr\u00e8te<\/li>\n<\/ul>\n<p data-start=\"4173\" data-end=\"4304\">Les peptides de faible qualit\u00e9 peuvent affecter les r\u00e9sultats et la fiabilit\u00e9. Choisissez toujours un fournisseur qui offre une documentation compl\u00e8te et une coh\u00e9rence.<\/p>\n<p data-start=\"4306\" data-end=\"4393\">Vous pouvez explorer les options disponibles<a href=\"https:\/\/hangzhouapeptides.com\/fr\/boutique\/\">\u00a0ici directement<\/a><\/p>\n<h2 data-section-id=\"1lsmb2o\" data-start=\"4400\" data-end=\"4429\"><span role=\"text\"><strong data-start=\"4403\" data-end=\"4429\">Acheter le peptide PNC27 ici<\/strong><\/span><\/h2>\n<p data-start=\"4431\" data-end=\"4564\">Si vous \u00eates pr\u00eat \u00e0 continuer, vous pouvez <strong data-start=\"4468\" data-end=\"4533\"><a class=\"decorated-link\" href=\"https:\/\/hangzhouapeptides.com\/fr\/boutique\/\" target=\"_new\" rel=\"noopener\" data-start=\"4470\" data-end=\"4531\">acheter peptide pnc27 ici<\/a><\/strong> de notre boutique de peptides de confiance.<\/p>\n<p data-start=\"4566\" data-end=\"4586\">Notre plateforme offre :<\/p>\n<ul data-start=\"4587\" data-end=\"4686\">\n<li data-section-id=\"1hxrv2g\" data-start=\"4587\" data-end=\"4622\">Produits peptidiques de qualit\u00e9 recherche<\/li>\n<li data-section-id=\"15rueln\" data-start=\"4623\" data-end=\"4653\">Normes de qualit\u00e9 v\u00e9rifi\u00e9es<\/li>\n<li data-section-id=\"1fdmhec\" data-start=\"4654\" data-end=\"4686\">Approvisionnement et livraison fiables<\/li>\n<\/ul>\n<p data-start=\"4688\" data-end=\"4752\">Visitez le <a href=\"https:\/\/hangzhouapeptides.com\/fr\/boutique\/\">acheter maintenant<\/a><\/p>\n<p data-start=\"4754\" data-end=\"4831\">Choisir la bonne source garantit de meilleurs r\u00e9sultats de recherche et une tranquillit\u00e9 d'esprit.<\/p>\n<h2 data-section-id=\"zszoiw\" data-start=\"555\" data-end=\"597\"><span role=\"text\"><strong data-start=\"558\" data-end=\"597\">En savoir plus gr\u00e2ce \u00e0 la recherche scientifique<\/strong><\/span><\/h2>\n<p data-start=\"599\" data-end=\"701\">Pour comprendre le <strong data-start=\"617\" data-end=\"634\">peptide pnc27<\/strong> Plus en d\u00e9tail, il est pr\u00e9f\u00e9rable de se r\u00e9f\u00e9rer \u00e0 des \u00e9tudes scientifiques fiables.<\/p>\n<p data-start=\"703\" data-end=\"975\">Des recherches ont montr\u00e9 que le PNC-27 peut cibler s\u00e9lectivement les cellules anormales tout en affectant moins les cellules saines. Ce m\u00e9canisme est expliqu\u00e9 dans un <strong data-start=\"848\" data-end=\"895\"><a href=\"https:\/\/www.ncbi.nlm.nih.gov\/pmc\/articles\/PMC5527164\/\" target=\"_blank\" rel=\"noopener\">\u00e9tude scientifique publi\u00e9e<\/a> sur le peptide PNC27<\/strong><\/p>\n<p data-start=\"977\" data-end=\"1214\">Vous pouvez \u00e9galement explorer des options suppl\u00e9mentaires <strong data-start=\"1009\" data-end=\"1056\"><a href=\"https:\/\/pubmed.ncbi.nlm.nih.gov\/?term=PNC-27\" target=\"_blank\" rel=\"noopener\">recherche clinique sur le PNC27<\/a> peptide<\/strong> via PubMed, o\u00f9 de nombreuses \u00e9tudes discutent de son m\u00e9canisme et de ses applications en recherche<\/p>\n<p data-start=\"1216\" data-end=\"1316\">Ces ressources fournissent un aper\u00e7u plus approfondi du fonctionnement du peptide et des raisons pour lesquelles il est \u00e9tudi\u00e9 aujourd'hui.<\/p>\n<h2 data-section-id=\"1636m3r\" data-start=\"5267\" data-end=\"5305\"><span role=\"text\"><strong data-start=\"5270\" data-end=\"5305\">Pens\u00e9es finales sur le peptide PNC27<\/strong><\/span><\/h2>\n<p data-start=\"5307\" data-end=\"5457\">Le <strong data-start=\"5311\" data-end=\"5328\">peptide pnc27<\/strong> est un compos\u00e9 puissant et unique dans la recherche. Sa capacit\u00e9 \u00e0 cibler des cellules sp\u00e9cifiques le distingue de nombreux autres peptides.<\/p>\n<p data-start=\"5459\" data-end=\"5705\">\u00c0 partir de la compr\u00e9hension <strong data-start=\"5478\" data-end=\"5504\">avantages du peptide pnc27<\/strong> \u00e0 explorer <strong data-start=\"5518\" data-end=\"5542\">dosage de peptide pnc27<\/strong>, il est clair que ce compos\u00e9 a un fort potentiel dans les \u00e9tudes scientifiques. Cependant, il doit toujours \u00eatre utilis\u00e9 de mani\u00e8re responsable et dans le respect des directives de recherche appropri\u00e9es.<\/p>\n<p data-start=\"5707\" data-end=\"5826\">Si vous souhaitez explorer davantage ce peptide, vous pouvez visiter le <a href=\"https:\/\/hangzhouapeptides.com\/fr\/boutique\/\">achetez ici<\/a><\/p>","protected":false},"excerpt":{"rendered":"<p data-start=\"6249\" data-end=\"6397\">Le peptide PNC27 est un compos\u00e9 de recherche \u00e9tudi\u00e9 pour l'interaction cibl\u00e9e des cellules. Explorez des peptides de recherche de haute qualit\u00e9 avec une puret\u00e9 v\u00e9rifi\u00e9e dans notre boutique.<\/p>","protected":false},"featured_media":719,"comment_status":"open","ping_status":"closed","template":"","meta":[],"product_brand":[],"product_cat":[571],"product_tag":[530,526,527,528,529],"class_list":{"0":"post-717","1":"product","2":"type-product","3":"status-publish","4":"has-post-thumbnail","6":"product_cat-other-peptides","7":"product_tag-buy-pnc27-peptide","8":"product_tag-pnc27-peptide","9":"product_tag-pnc27-peptide-benefits","10":"product_tag-pnc27-peptide-dosage","11":"product_tag-where-to-buy-pnc27-peptide","13":"first","14":"instock","15":"shipping-taxable","16":"purchasable","17":"product-type-variable"},"jetpack_sharing_enabled":true,"_links":{"self":[{"href":"https:\/\/hangzhouapeptides.com\/fr\/wp-json\/wp\/v2\/product\/717","targetHints":{"allow":["GET"]}}],"collection":[{"href":"https:\/\/hangzhouapeptides.com\/fr\/wp-json\/wp\/v2\/product"}],"about":[{"href":"https:\/\/hangzhouapeptides.com\/fr\/wp-json\/wp\/v2\/types\/product"}],"replies":[{"embeddable":true,"href":"https:\/\/hangzhouapeptides.com\/fr\/wp-json\/wp\/v2\/comments?post=717"}],"wp:featuredmedia":[{"embeddable":true,"href":"https:\/\/hangzhouapeptides.com\/fr\/wp-json\/wp\/v2\/media\/719"}],"wp:attachment":[{"href":"https:\/\/hangzhouapeptides.com\/fr\/wp-json\/wp\/v2\/media?parent=717"}],"wp:term":[{"taxonomy":"product_brand","embeddable":true,"href":"https:\/\/hangzhouapeptides.com\/fr\/wp-json\/wp\/v2\/product_brand?post=717"},{"taxonomy":"product_cat","embeddable":true,"href":"https:\/\/hangzhouapeptides.com\/fr\/wp-json\/wp\/v2\/product_cat?post=717"},{"taxonomy":"product_tag","embeddable":true,"href":"https:\/\/hangzhouapeptides.com\/fr\/wp-json\/wp\/v2\/product_tag?post=717"}],"curies":[{"name":"wp","href":"https:\/\/api.w.org\/{rel}","templated":true}]}}