{"id":609,"date":"2026-03-30T10:05:24","date_gmt":"2026-03-30T10:05:24","guid":{"rendered":"https:\/\/hangzhouapeptides.com\/?post_type=product&#038;p=609"},"modified":"2026-04-24T18:16:56","modified_gmt":"2026-04-24T18:16:56","slug":"ghrp-2-peptide","status":"publish","type":"product","link":"https:\/\/hangzhouapeptides.com\/fr\/product\/ghrp-2-peptide\/","title":{"rendered":"GHRP-2 \u2013 Bienfaits, Dosage, Comparaison et Guide d'Achat"},"content":{"rendered":"<h2>GHRP-2 : un guide simple pour le comprendre<\/h2>\n<p>Si vous avez fait des recherches sur les peptides pour le soutien de l'hormone de croissance, vous avez probablement rencontr\u00e9 <a href=\"http:\/\/google.com\" target=\"_blank\" rel=\"noopener\"><strong>Ghrp-2<\/strong><\/a>. C'est l'un des peptides les plus populaires dans cette cat\u00e9gorie. De nombreuses personnes s'int\u00e9ressent \u00e0 son fonctionnement et \u00e0 la fa\u00e7on dont il se compare \u00e0 d'autres options comme le GHRP-6 ou l'Ipamorelin. Ce guide vous aidera \u00e0 comprendre le GHRP-2 de mani\u00e8re simple et claire.<\/p>\n<p>Le GHRP-2 est souvent d\u00e9crit comme un <a href=\"http:\/\/facebook.com\" target=\"_blank\" rel=\"noopener\"><strong>Ghrp 2 peptide<\/strong><\/a> qui stimule la lib\u00e9ration naturelle de l'hormone de croissance. Au lieu d'ajouter des hormones directement dans le corps, il signale au corps d'en produire davantage par lui-m\u00eame. Cela en fait partie d'un groupe connu sous le nom de peptides de lib\u00e9ration de l'hormone de croissance. Pour cette raison, il est largement \u00e9tudi\u00e9 dans la recherche sur la performance et la r\u00e9cup\u00e9ration.<\/p>\n<h3>Qu'est-ce que le GHRP-2 ?<\/h3>\n<p>En termes simples, <strong>ghrp 2<\/strong> est un peptide qui aide \u00e0 d\u00e9clencher la lib\u00e9ration de l'hormone de croissance par l'hypophyse. Ce processus favorise la r\u00e9cup\u00e9ration, le d\u00e9veloppement musculaire et les performances globales. Il est connu pour \u00eatre plus puissant et plus direct que d'autres peptides de la m\u00eame cat\u00e9gorie.<\/p>\n<p>Vous pouvez \u00e9galement le voir \u00e9crit comme <strong>Ghrp-2<\/strong> ou tout simplement <strong>ghrp 2<\/strong>. Ceux-ci font tous r\u00e9f\u00e9rence au m\u00eame compos\u00e9. Comprendre cela aide \u00e0 \u00e9viter la confusion lors de la recherche ou de l'achat.<\/p>\n<h3>Avantages du GHRP-2<\/h3>\n<p>Lorsque les gens discutent du GHRP-2, ils se concentrent souvent sur le soutien de l'hormone de croissance, la r\u00e9cup\u00e9ration et le d\u00e9veloppement musculaire. Il est \u00e9tudi\u00e9 pour la fa\u00e7on dont il peut aider \u00e0 am\u00e9liorer les performances et \u00e0 r\u00e9duire le temps de r\u00e9cup\u00e9ration. C'est pourquoi il est populaire aupr\u00e8s de ceux qui se concentrent sur le progr\u00e8s physique.<\/p>\n<p>Un autre point essentiel est sa puissance. Compar\u00e9 \u00e0 d'autres peptides, le GHRP-2 est souvent d\u00e9crit comme plus puissant dans la stimulation de la lib\u00e9ration d'hormone de croissance. Cela le rend attrayant pour ceux qui recherchent des effets plus forts.<\/p>\n<h3>GHRP-2 contre GHRP-6<\/h3>\n<p>Une comparaison tr\u00e8s fr\u00e9quente est <a href=\"http:\/\/youtube.com\" target=\"_blank\" rel=\"noopener\"><strong>ghrp 2 vs 6<\/strong> <\/a>ou <strong>ghrp-2 contre ghrp-6<\/strong>. Les deux peptides fonctionnent de mani\u00e8re similaire, mais pr\u00e9sentent des diff\u00e9rences. Le GHRP-6 est souvent associ\u00e9 \u00e0 une augmentation de l'app\u00e9tit, tandis que le GHRP-2 est consid\u00e9r\u00e9 comme plus ax\u00e9 sur la lib\u00e9ration de l'hormone de croissance.<\/p>\n<p>C'est pourquoi beaucoup de gens pr\u00e9f\u00e8rent le GHRP-2 lorsqu'ils veulent des r\u00e9sultats solides sans les effets secondaires ajout\u00e9s sur l'app\u00e9tit. Comprendre cette diff\u00e9rence vous aide \u00e0 choisir la bonne option.<\/p>\n<h3>GHRP-2 contre Ipamorelin<\/h3>\n<p>Une autre comparaison courante est <a href=\"http:\/\/wikipedia.org\" target=\"_blank\" rel=\"noopener\"><strong>ghrp 2 vs ipamorelin<\/strong><\/a> ou <strong>Ipamorelin vs GHRP-2<\/strong>. Ces deux peptides favorisent la lib\u00e9ration de l'hormone de croissance, mais ils agissent diff\u00e9remment. L'ipamoreligne est souvent consid\u00e9r\u00e9e comme plus douce et plus contr\u00f4l\u00e9e, tandis que le GHRP-2 est plus puissant et plus direct.<\/p>\n<p>Certaines personnes pr\u00e9f\u00e8rent l'Ipamorelin pour une approche plus douce, tandis que d'autres choisissent le GHRP-2 pour son effet plus puissant. Le choix d\u00e9pend des objectifs individuels.<\/p>\n<h3>GHRP-2 vs Sermoreline<\/h3>\n<p>Vous pourriez \u00e9galement rencontrer des comparaisons comme <strong>ghrp-2 vs sermorelin<\/strong>. La sermor\u00e9line agit en stimulant la lib\u00e9ration d'hormones naturelles par une voie diff\u00e9rente. Le GHRP-2 agit plus directement et produit souvent des effets plus rapides.<\/p>\n<p>Ces diff\u00e9rences montrent que chaque peptide a son propre r\u00f4le. Les comprendre vous aide \u00e0 prendre de meilleures d\u00e9cisions lorsque vous choisissez entre des options.<\/p>\n<h3>Dosage et concentration du produit<\/h3>\n<p>Beaucoup de gens cherchent <strong>dosage de ghrp 2<\/strong>. Il est important de comprendre que le dosage d\u00e9pend du contexte. Il n'y a pas une seule quantit\u00e9 fixe qui convienne \u00e0 tout le monde.<\/p>\n<p>Vous pouvez aussi voir des produits comme <strong>ghrp 2 10mg<\/strong>. Celles-ci font r\u00e9f\u00e9rence \u00e0 diff\u00e9rentes concentrations de produits. Le choix d\u00e9pend de vos objectifs et de vos besoins de recherche.<\/p>\n<p>Comme pour la plupart des peptides, il est pr\u00e9f\u00e9rable de se concentrer sur la compr\u00e9hension plut\u00f4t que sur les simples chiffres. Cela permet d'\u00e9viter la confusion et les attentes irr\u00e9alistes.<\/p>\n<h3>Empilement et Combinaisons<\/h3>\n<p>Certaines personnes explorent des combinaisons comme <strong>M\u00e9lange CJC-1295 et Ipamorelin et GHRP-2 \u00e0 vendre<\/strong>. Ces piles visent \u00e0 supporter plusieurs voies \u00e0 la fois. C'est pourquoi elles sont souvent discut\u00e9es dans les configurations de recherche avanc\u00e9es.<\/p>\n<p>Combiner des peptides peut offrir un soutien plus large, mais cela n\u00e9cessite \u00e9galement une compr\u00e9hension claire de chaque compos\u00e9. Cela permet d'assurer de meilleurs r\u00e9sultats et une meilleure coh\u00e9rence.<\/p>\n<h3>O\u00f9 acheter du GHRP-2<\/h3>\n<p>Face \u00e0 une demande croissante, de nombreuses personnes recherchent <a href=\"https:\/\/hangzhouapeptides.com\/fr\/boutique\/\"><strong>acheter ghrp-2<\/strong><\/a>, <a href=\"https:\/\/hangzhouapeptides.com\/fr\/\"><strong>acheter ghrp 2 en ligne<\/strong><\/a>, ou <strong>acheter ghrp 2<\/strong>. Choisir un fournisseur fiable est tr\u00e8s important. La qualit\u00e9 et la puret\u00e9 devraient toujours passer avant tout.<\/p>\n<p>Vous pourriez \u00e9galement voir des recherches telles que <strong>ghrp 2 \u00e0 vendre<\/strong> ou <strong>acheter peptide ghrp-2<\/strong>. Elles montrent la popularit\u00e9 croissante de ce peptide. Cependant, tous les fournisseurs n'offrent pas le m\u00eame niveau de qualit\u00e9.<\/p>\n<p>Un bon fournisseur fournira des informations claires, un emballage ad\u00e9quat et une exp\u00e9dition fiable. Cela rend le processus d'achat fluide et sans stress.<\/p>\n<h3>Pourquoi le GHRP-2 est populaire<\/h3>\n<p>La popularit\u00e9 du GHRP-2 vient de son action forte et directe. C'est l'un des peptides les plus puissants pour la lib\u00e9ration d'hormone de croissance. Cela le rend attrayant pour ceux qui recherchent des r\u00e9sultats notables.<\/p>\n<p>Une autre raison est la flexibilit\u00e9. Il peut \u00eatre utilis\u00e9 seul ou combin\u00e9 avec d'autres peptides. Cela en fait une option polyvalente dans de nombreux contextes de recherche.<\/p>\n<h3>R\u00e9flexions finales<\/h3>\n<p>En termes simples, <strong>Ghrp-2<\/strong> est un puissant peptide con\u00e7u pour soutenir la lib\u00e9ration naturelle de l'hormone de croissance. Il est connu pour sa puissance et sa rapidit\u00e9 d'action. Cela en fait l'un des peptides les plus populaires de sa cat\u00e9gorie.<\/p>\n<p>Si vous envisagez de vous procurer du GHRP-2, concentrez-vous sur la qualit\u00e9 et la fiabilit\u00e9. Choisissez un fournisseur qui offre des informations claires et des produits constants. Une exp\u00e9rience fluide fait une grande diff\u00e9rence.<\/p>\n<p>Si vous avez besoin de tarifs, de disponibilit\u00e9 ou d'options d'approvisionnement en gros, contactez un fournisseur de confiance. Une communication claire et un bon service vous aident \u00e0 prendre des d\u00e9cisions \u00e9clair\u00e9es. C'est ce qui compte le plus.<\/p>","protected":false},"excerpt":{"rendered":"<p>Le GHRP-2 est un peptide puissant \u00e9tudi\u00e9 pour stimuler la lib\u00e9ration naturelle d'hormone de croissance, favorisant la r\u00e9cup\u00e9ration, la croissance musculaire et la performance. Il est connu pour ses effets puissants et rapides.<\/p>\n<ul>\n<li>\u2714 Haute Puret\u00e9 \u226599%<\/li>\n<li>\u2714 COA disponible<\/li>\n<li>\u2714 Exp\u00e9dition mondiale<\/li>\n<\/ul>","protected":false},"featured_media":612,"comment_status":"open","ping_status":"closed","template":"","meta":[],"product_brand":[],"product_cat":[35],"product_tag":[288,278,289,284,287,275,285,274,276,281,282,273,277,283,279,280,286],"class_list":{"0":"post-609","1":"product","2":"type-product","3":"status-publish","4":"has-post-thumbnail","6":"product_cat-muscle-growth-peptides","7":"product_tag-buy-ghrp-2-online","8":"product_tag-buy-ghrp-2","9":"product_tag-buy-ghrp-2-peptide","10":"product_tag-cjc-1295-ipamorelin-ghrp-2-blend-for-sale","11":"product_tag-ghrp-2-10mg","12":"product_tag-ghrp-2-dosage","13":"product_tag-ghrp-2-for-sale","14":"product_tag-ghrp-2-peptide","15":"product_tag-ghrp-2-vs-6","16":"product_tag-ghrp-2-vs-ipamorelin","17":"product_tag-ghrp-6-vs-ghrp-2","18":"product_tag-ghrp-2","19":"product_tag-ghrp-2-vs-ghrp-6","20":"product_tag-ghrp-2-vs-sermorelin","21":"product_tag-ipamorelin-vs-ghrp-2","22":"product_tag-purchase-ghrp-2","23":"product_tag-sermorelin-ghrp-6-vs-ghrp-2","25":"first","26":"instock","27":"shipping-taxable","28":"purchasable","29":"product-type-variable"},"jetpack_sharing_enabled":true,"_links":{"self":[{"href":"https:\/\/hangzhouapeptides.com\/fr\/wp-json\/wp\/v2\/product\/609","targetHints":{"allow":["GET"]}}],"collection":[{"href":"https:\/\/hangzhouapeptides.com\/fr\/wp-json\/wp\/v2\/product"}],"about":[{"href":"https:\/\/hangzhouapeptides.com\/fr\/wp-json\/wp\/v2\/types\/product"}],"replies":[{"embeddable":true,"href":"https:\/\/hangzhouapeptides.com\/fr\/wp-json\/wp\/v2\/comments?post=609"}],"wp:featuredmedia":[{"embeddable":true,"href":"https:\/\/hangzhouapeptides.com\/fr\/wp-json\/wp\/v2\/media\/612"}],"wp:attachment":[{"href":"https:\/\/hangzhouapeptides.com\/fr\/wp-json\/wp\/v2\/media?parent=609"}],"wp:term":[{"taxonomy":"product_brand","embeddable":true,"href":"https:\/\/hangzhouapeptides.com\/fr\/wp-json\/wp\/v2\/product_brand?post=609"},{"taxonomy":"product_cat","embeddable":true,"href":"https:\/\/hangzhouapeptides.com\/fr\/wp-json\/wp\/v2\/product_cat?post=609"},{"taxonomy":"product_tag","embeddable":true,"href":"https:\/\/hangzhouapeptides.com\/fr\/wp-json\/wp\/v2\/product_tag?post=609"}],"curies":[{"name":"wp","href":"https:\/\/api.w.org\/{rel}","templated":true}]}}