{"id":438,"date":"2026-03-23T12:55:26","date_gmt":"2026-03-23T12:55:26","guid":{"rendered":"https:\/\/hangzhouapeptides.com\/?post_type=product&#038;p=438"},"modified":"2026-04-24T18:37:51","modified_gmt":"2026-04-24T18:37:51","slug":"cjcc-1295-ipamoreline-peptide-haute-purete-hormone-de-croissance-stack","status":"publish","type":"product","link":"https:\/\/hangzhouapeptides.com\/fr\/product\/cjc-1295-ipamorelin-peptide-high-purity-growth-hormone-stack\/","title":{"rendered":"Peptide CJC-1295 \u2013 Compos\u00e9 de recherche lib\u00e9rateur d'hormone de croissance"},"content":{"rendered":"<p><a href=\"http:\/\/google.com\" target=\"_blank\" rel=\"noopener\">Peptide CJC-1295 Ipamorelin<\/a> est une combinaison peptidique largement \u00e9tudi\u00e9e dans les \u00e9tudes scientifiques relatives \u00e0 la stimulation de l'hormone de croissance, au d\u00e9veloppement musculaire et \u00e0 l'optimisation de la r\u00e9cup\u00e9ration. Cette pile de peptides combine deux <a href=\"http:\/\/youtube.com\" target=\"_blank\" rel=\"noopener\">compos\u00e9s puissants \u2014 CJC-1295<\/a>, un analogue de la hormone de lib\u00e9ration de l'hormone de croissance (GHRH), et l'Ipamorelin, un s\u00e9cr\u00e9tagogue de l'hormone de croissance (GHS)\u2014afin de cr\u00e9er un effet synergique qui soutient une lib\u00e9ration soutenue et contr\u00f4l\u00e9e de l'hormone de croissance dans des environnements de recherche.<\/p>\n<p>Le CJC-1295 est connu pour ses propri\u00e9t\u00e9s \u00e0 action prolong\u00e9e, permettant une stimulation prolong\u00e9e des niveaux d'hormone de croissance au fil du temps. Sa demi-vie prolong\u00e9e en fait un compos\u00e9 privil\u00e9gi\u00e9 dans la recherche de laboratoire ax\u00e9e sur la r\u00e9gulation hormonale, la croissance musculaire et les \u00e9tudes m\u00e9taboliques. L'ipamor\u00e9line, quant \u00e0 elle, est reconnue pour son action s\u00e9lective dans la stimulation de la lib\u00e9ration d'hormone de croissance sans affecter significativement d'autres hormones. Lorsqu'ils sont combin\u00e9s, ces peptides offrent une approche \u00e9quilibr\u00e9e et efficace pour \u00e9tudier la dynamique de l'hormone de croissance.<\/p>\n<p>Les chercheurs explorent souvent l'empilement peptidique CJC-1295 Ipamorelin en raison de sa capacit\u00e9 \u00e0 imiter les processus physiologiques naturels. La combinaison est con\u00e7ue pour fournir \u00e0 la fois une lib\u00e9ration soutenue et pulsatile de l'hormone de croissance, la rendant tr\u00e8s pertinente dans les \u00e9tudes impliquant la r\u00e9cup\u00e9ration musculaire, le m\u00e9tabolisme des graisses et les r\u00e9sultats li\u00e9s \u00e0 la performance. Cela en fait l'un des empilements peptidiques les plus populaires dans la recherche moderne.<\/p>\n<p>Chez Hangzhou Peptides, nous fournissons des peptides CJC-1295 Ipamorelin de haute puret\u00e9 qui r\u00e9pondent \u00e0 des normes de contr\u00f4le qualit\u00e9 strictes. Chaque lot est test\u00e9 pour garantir des niveaux de puret\u00e9 de \u226599%, offrant aux chercheurs des mat\u00e9riaux fiables et constants. Un certificat d'analyse (COA) est disponible sur demande, offrant une transparence totale concernant la composition et la qualit\u00e9 du produit.<\/p>\n<p>Nos peptides sont fournis sous forme de poudre lyophilis\u00e9e, ce qui est largement utilis\u00e9 dans les laboratoires de recherche en raison de sa stabilit\u00e9 et de sa facilit\u00e9 de stockage. Ce format permet une reconstitution pr\u00e9cise et un dosage exact lors des proc\u00e9dures exp\u00e9rimentales. Une manipulation et un stockage appropri\u00e9s sont essentiels pour maintenir l'int\u00e9grit\u00e9 du peptide et garantir des r\u00e9sultats de recherche coh\u00e9rents.<\/p>\n<p>En tant que soci\u00e9t\u00e9 mondiale de commerce et d'approvisionnement, nous nous concentrons sur la livraison de peptides de haute qualit\u00e9 \u00e0 des clients aux \u00c9tats-Unis, en Europe et sur d'autres march\u00e9s internationaux. Notre syst\u00e8me logistique assure un emballage s\u00e9curis\u00e9 et une exp\u00e9dition discr\u00e8te, minimisant les risques pendant le transport et maintenant la qualit\u00e9 du produit. Nous comprenons l'importance d'une livraison rapide et d'un approvisionnement fiable, c'est pourquoi nous donnons la priorit\u00e9 au traitement efficace des commandes et au support client.<\/p>\n<p>Le <a href=\"https:\/\/hangzhouapeptides.com\/fr\/cjc-1295-ipamorelin-2\/\">Pile de peptides CJC-1295 Ipamorelin<\/a> est destin\u00e9 uniquement \u00e0 des fins de recherche. Il n'est pas approuv\u00e9 pour la consommation humaine ou l'usage clinique. Les chercheurs et les laboratoires doivent s'assurer de la conformit\u00e9 avec toutes les lois et r\u00e9glementations applicables lors de la manipulation et de l'utilisation de ces compos\u00e9s.<\/p>\n<p>Choisir un fournisseur de confiance est essentiel lors de l'approvisionnement en peptides pour la recherche. Chez Hangzhou Peptides, nous nous engageons \u00e0 fournir des produits de haute qualit\u00e9, une communication transparente et un service fiable. Notre objectif est de soutenir les professionnels de la recherche avec un approvisionnement constant et une qualit\u00e9 de peptide v\u00e9rifi\u00e9e.<\/p>\n<p>Si vous cherchez \u00e0 acheter le peptide CJC-1295 Ipamorelin de haute puret\u00e9 avec une exp\u00e9dition internationale fiable, notre \u00e9quipe est pr\u00eate \u00e0 vous aider.<a href=\"https:\/\/hangzhouapeptides.com\/fr\/nous-contacter\/\"> Contactez-nous aujourd'hui<\/a> pour en savoir plus sur la disponibilit\u00e9 des produits, les options de prix et les remises sur les commandes en gros.<\/p>","protected":false},"excerpt":{"rendered":"<h2>CJC-1295 + Ipamoreline<\/h2>\n<p><strong>Cat\u00e9gorie:<\/strong> Pile de peptides pour la croissance musculaire<\/p>\n<ul>\n<li>\u2714 Puret\u00e9 \u226599%<\/li>\n<li>Poudre lyophilis\u00e9e<\/li>\n<li>\u2714 COA disponible<\/li>\n<li>\u2714 Exp\u00e9dition mondiale<\/li>\n<\/ul>\n<p>&nbsp;<\/p>","protected":false},"featured_media":295,"comment_status":"open","ping_status":"closed","template":"","meta":[],"product_brand":[],"product_cat":[571],"product_tag":[54],"class_list":{"0":"post-438","1":"product","2":"type-product","3":"status-publish","4":"has-post-thumbnail","6":"product_cat-other-peptides","7":"product_tag-cjc-1295-ipamorelin-peptide","9":"first","10":"instock","11":"shipping-taxable","12":"purchasable","13":"product-type-variable"},"jetpack_sharing_enabled":true,"_links":{"self":[{"href":"https:\/\/hangzhouapeptides.com\/fr\/wp-json\/wp\/v2\/product\/438","targetHints":{"allow":["GET"]}}],"collection":[{"href":"https:\/\/hangzhouapeptides.com\/fr\/wp-json\/wp\/v2\/product"}],"about":[{"href":"https:\/\/hangzhouapeptides.com\/fr\/wp-json\/wp\/v2\/types\/product"}],"replies":[{"embeddable":true,"href":"https:\/\/hangzhouapeptides.com\/fr\/wp-json\/wp\/v2\/comments?post=438"}],"wp:featuredmedia":[{"embeddable":true,"href":"https:\/\/hangzhouapeptides.com\/fr\/wp-json\/wp\/v2\/media\/295"}],"wp:attachment":[{"href":"https:\/\/hangzhouapeptides.com\/fr\/wp-json\/wp\/v2\/media?parent=438"}],"wp:term":[{"taxonomy":"product_brand","embeddable":true,"href":"https:\/\/hangzhouapeptides.com\/fr\/wp-json\/wp\/v2\/product_brand?post=438"},{"taxonomy":"product_cat","embeddable":true,"href":"https:\/\/hangzhouapeptides.com\/fr\/wp-json\/wp\/v2\/product_cat?post=438"},{"taxonomy":"product_tag","embeddable":true,"href":"https:\/\/hangzhouapeptides.com\/fr\/wp-json\/wp\/v2\/product_tag?post=438"}],"curies":[{"name":"wp","href":"https:\/\/api.w.org\/{rel}","templated":true}]}}