{"id":114,"date":"2026-03-18T03:01:55","date_gmt":"2026-03-18T03:01:55","guid":{"rendered":"https:\/\/hangzhouapeptides.com\/?post_type=product&#038;p=114"},"modified":"2026-03-28T01:15:57","modified_gmt":"2026-03-28T01:15:57","slug":"peptide-de-semaglutide","status":"publish","type":"product","link":"https:\/\/hangzhouapeptides.com\/fr\/product\/semaglutide-peptide\/","title":{"rendered":"Peptide de Semaglutide \u2013 Recherche, Bienfaits et Dosages Disponibles"},"content":{"rendered":"<h2>Peptide de S\u00e9maglutide : Qu'est-ce que c'est et pourquoi tout le monde en parle<\/h2>\n<p>Le s\u00e9maglutide est un peptide qui a suscit\u00e9 beaucoup d'attention ces derni\u00e8res ann\u00e9es. De nombreuses personnes sont curieuses \u00e0 son sujet en raison de son mode d'action dans le corps, notamment en ce qui concerne l'app\u00e9tit et le poids. Si vous en avez entendu parler et que vous vous sentez confus, vous n'\u00eates pas seul. Ce guide vous expliquera de mani\u00e8re simple et claire ce que c'est et pourquoi c'est important.<\/p>\n<h3>Le s\u00e9maglutide est un peptide qui imite une hormone naturelle appel\u00e9e GLP-1, utilis\u00e9e pour contr\u00f4ler l\u2019app\u00e9tit et soutenir la perte de poids.<\/h3>\n<p>Peptide de s\u00e9maglutide qui agit comme une hormone naturelle dans le corps appel\u00e9e GLP-1. Cette hormone aide \u00e0 contr\u00f4ler la faim et la fa\u00e7on dont le corps g\u00e8re le sucre. Les chercheurs \u00e9tudient le s\u00e9maglutide pour mieux comprendre ses effets sur l'app\u00e9tit, la digestion et le m\u00e9tabolisme.<\/p>\n<p>En termes simples, cela aide \u00e0 signaler au corps qu'il est rassasi\u00e9. C'est l'une des principales raisons pour lesquelles il est devenu populaire dans la recherche sur la gestion du poids et la sant\u00e9 m\u00e9tabolique.<\/p>\n<h3>Comment agit le s\u00e9maglutide ?<\/h3>\n<p>Le peptide s\u00e9maglutide agit en copiant l'action de l'hormone GLP-1. Il ralentit la vitesse \u00e0 laquelle les aliments quittent l'estomac, ce qui peut vous aider \u00e0 vous sentir rassasi\u00e9 plus longtemps apr\u00e8s avoir mang\u00e9. Cela peut r\u00e9duire la fr\u00e9quence \u00e0 laquelle vous ressentez la faim pendant la journ\u00e9e.<\/p>\n<p>Cela affecte \u00e9galement la fa\u00e7on dont le cerveau r\u00e9agit aux signaux de faim. Certaines recherches sugg\u00e8rent qu'il peut aider \u00e0 r\u00e9duire les envies et la consommation globale de nourriture, c'est pourquoi il est largement \u00e9tudi\u00e9 pour le contr\u00f4le du poids \u00e0 long terme.<\/p>\n<h3>Pourquoi le s\u00e9maglutide est-il si populaire ?<\/h3>\n<p>L'une des principales raisons de la popularit\u00e9 actuelle du peptide semaglutide r\u00e9side dans les r\u00e9sultats probants observ\u00e9s lors des \u00e9tudes de recherche. De nombreuses personnes ont entendu parler de ses effets sur l'app\u00e9tit et le poids, ce qui en fait l'un des peptides les plus m\u00e9diatis\u00e9s \u00e0 l'heure actuelle.<\/p>\n<p>Les chercheurs explorent \u00e9galement comment il pourrait soutenir l'\u00e9quilibre de la glyc\u00e9mie et la fonction m\u00e9tabolique globale, ce qui ajoute \u00e0 son int\u00e9r\u00eat croissant dans le monde entier.<\/p>\n<h3>Questions fr\u00e9quentes sur le s\u00e9maglutide<\/h3>\n<p><img loading=\"lazy\" decoding=\"async\" class=\"alignnone size-medium wp-image-175\" src=\"https:\/\/hangzhouapeptides.com\/wp-content\/uploads\/2026\/03\/Semaglutide-peptide-vial-for-research-use-200x300.jpg\" alt=\"\" width=\"200\" height=\"300\" srcset=\"https:\/\/hangzhouapeptides.com\/wp-content\/uploads\/2026\/03\/Semaglutide-peptide-vial-for-research-use-200x300.jpg 200w, https:\/\/hangzhouapeptides.com\/wp-content\/uploads\/2026\/03\/Semaglutide-peptide-vial-for-research-use-683x1024.jpg 683w, https:\/\/hangzhouapeptides.com\/wp-content\/uploads\/2026\/03\/Semaglutide-peptide-vial-for-research-use-768x1152.jpg 768w, https:\/\/hangzhouapeptides.com\/wp-content\/uploads\/2026\/03\/Semaglutide-peptide-vial-for-research-use-8x12.jpg 8w, https:\/\/hangzhouapeptides.com\/wp-content\/uploads\/2026\/03\/Semaglutide-peptide-vial-for-research-use-600x900.jpg 600w, https:\/\/hangzhouapeptides.com\/wp-content\/uploads\/2026\/03\/Semaglutide-peptide-vial-for-research-use.jpg 832w\" sizes=\"auto, (max-width: 200px) 100vw, 200px\" \/><\/p>\n<p><strong>La s\u00e9maglutide est-elle un peptide s\u00fbr ?<\/strong><br \/>\nLes recherches sont toujours en cours et les r\u00e9sultats peuvent varier en fonction des conditions d'utilisation. Il est g\u00e9n\u00e9ralement \u00e9tudi\u00e9 dans des environnements contr\u00f4l\u00e9s.<\/p>\n<p><strong>\u00c0 quelle vitesse cela fonctionne-t-il ?<\/strong><br \/>\nCela d\u00e9pend du cadre de recherche et du dosage. Certains effets peuvent appara\u00eetre plus t\u00f4t, tandis que d'autres prennent plus de temps.<\/p>\n<p><strong>Pourquoi est-ce utilis\u00e9 dans la recherche ?<\/strong><br \/>\nEn raison de ses effets sur l'app\u00e9tit, le m\u00e9tabolisme et la glyc\u00e9mie, la s\u00e9maglutide est pr\u00e9cieuse dans de nombreuses \u00e9tudes scientifiques.<\/p>\n<p><img loading=\"lazy\" decoding=\"async\" class=\"alignnone size-medium wp-image-176\" src=\"https:\/\/hangzhouapeptides.com\/wp-content\/uploads\/2026\/03\/semaglutide-peptide-1-200x300.jpg\" alt=\"\" width=\"200\" height=\"300\" srcset=\"https:\/\/hangzhouapeptides.com\/wp-content\/uploads\/2026\/03\/semaglutide-peptide-1-200x300.jpg 200w, https:\/\/hangzhouapeptides.com\/wp-content\/uploads\/2026\/03\/semaglutide-peptide-1-683x1024.jpg 683w, https:\/\/hangzhouapeptides.com\/wp-content\/uploads\/2026\/03\/semaglutide-peptide-1-768x1152.jpg 768w, https:\/\/hangzhouapeptides.com\/wp-content\/uploads\/2026\/03\/semaglutide-peptide-1-8x12.jpg 8w, https:\/\/hangzhouapeptides.com\/wp-content\/uploads\/2026\/03\/semaglutide-peptide-1-600x900.jpg 600w, https:\/\/hangzhouapeptides.com\/wp-content\/uploads\/2026\/03\/semaglutide-peptide-1.jpg 832w\" sizes=\"auto, (max-width: 200px) 100vw, 200px\" \/><\/p>\n<h3>Options disponibles<\/h3>\n<p>Ce produit est disponible en plusieurs dosages pour r\u00e9pondre \u00e0 diff\u00e9rents besoins de recherche. S\u00e9lectionnez votre option pr\u00e9f\u00e9r\u00e9e ci-dessus pour voir les prix et la disponibilit\u00e9.<\/p>\n<h3>Besoin de plus d'informations ?<\/h3>\n<p>Si vous avez des questions sur le peptide semaglutide, si vous souhaitez conna\u00eetre les prix de gros ou passer une commande, n'h\u00e9sitez pas \u00e0 nous contacter directement. Nous sommes \u00e0 votre disposition pour vous offrir une communication rapide et discr\u00e8te.<\/p>","protected":false},"excerpt":{"rendered":"<div>Le peptide s\u00e9maglutide est largement \u00e9tudi\u00e9 pour son r\u00f4le dans le contr\u00f4le de l'app\u00e9tit et la fonction m\u00e9tabolique. Il imite une hormone naturelle qui aide \u00e0 r\u00e9guler la faim et soutient la recherche li\u00e9e \u00e0 la gestion du poids.<\/div>\n<div><\/div>\n<div>Disponible en plusieurs dosages, ce peptide convient \u00e0 diverses applications de recherche. Contactez-nous pour conna\u00eetre la disponibilit\u00e9 et les demandes de gros volumes.<\/div>","protected":false},"featured_media":211,"comment_status":"open","ping_status":"closed","template":"","meta":[],"product_brand":[],"product_cat":[29],"product_tag":[31],"class_list":{"0":"post-114","1":"product","2":"type-product","3":"status-publish","4":"has-post-thumbnail","6":"product_cat-weight-loss-peptides","7":"product_tag-semaglutide-peptide","9":"first","10":"instock","11":"shipping-taxable","12":"purchasable","13":"product-type-variable"},"jetpack_sharing_enabled":true,"_links":{"self":[{"href":"https:\/\/hangzhouapeptides.com\/fr\/wp-json\/wp\/v2\/product\/114","targetHints":{"allow":["GET"]}}],"collection":[{"href":"https:\/\/hangzhouapeptides.com\/fr\/wp-json\/wp\/v2\/product"}],"about":[{"href":"https:\/\/hangzhouapeptides.com\/fr\/wp-json\/wp\/v2\/types\/product"}],"replies":[{"embeddable":true,"href":"https:\/\/hangzhouapeptides.com\/fr\/wp-json\/wp\/v2\/comments?post=114"}],"wp:featuredmedia":[{"embeddable":true,"href":"https:\/\/hangzhouapeptides.com\/fr\/wp-json\/wp\/v2\/media\/211"}],"wp:attachment":[{"href":"https:\/\/hangzhouapeptides.com\/fr\/wp-json\/wp\/v2\/media?parent=114"}],"wp:term":[{"taxonomy":"product_brand","embeddable":true,"href":"https:\/\/hangzhouapeptides.com\/fr\/wp-json\/wp\/v2\/product_brand?post=114"},{"taxonomy":"product_cat","embeddable":true,"href":"https:\/\/hangzhouapeptides.com\/fr\/wp-json\/wp\/v2\/product_cat?post=114"},{"taxonomy":"product_tag","embeddable":true,"href":"https:\/\/hangzhouapeptides.com\/fr\/wp-json\/wp\/v2\/product_tag?post=114"}],"curies":[{"name":"wp","href":"https:\/\/api.w.org\/{rel}","templated":true}]}}