{"id":953,"date":"2026-04-29T17:25:43","date_gmt":"2026-04-29T17:25:43","guid":{"rendered":"https:\/\/hangzhouapeptides.com\/?page_id=953"},"modified":"2026-04-29T17:52:22","modified_gmt":"2026-04-29T17:52:22","slug":"commande-test-de-detail","status":"publish","type":"page","link":"https:\/\/hangzhouapeptides.com\/fr\/retail-test-order\/","title":{"rendered":"D\u00e9taillant \/ Commande test"},"content":{"rendered":"<div class=\"img has-hover x md-x lg-x y md-y lg-y\" id=\"image_2111165255\">\n\t\t\t\t\t\t\t\t<div class=\"img-inner dark\" >\n\t\t\t<img loading=\"lazy\" decoding=\"async\" width=\"1020\" height=\"680\" src=\"https:\/\/hangzhouapeptides.com\/wp-content\/uploads\/2026\/04\/Peptide-Test-Order-1024x683.png\" class=\"attachment-large size-large\" alt=\"\" srcset=\"https:\/\/hangzhouapeptides.com\/wp-content\/uploads\/2026\/04\/Peptide-Test-Order-1024x683.png 1024w, https:\/\/hangzhouapeptides.com\/wp-content\/uploads\/2026\/04\/Peptide-Test-Order-300x200.png 300w, https:\/\/hangzhouapeptides.com\/wp-content\/uploads\/2026\/04\/Peptide-Test-Order-768x512.png 768w, https:\/\/hangzhouapeptides.com\/wp-content\/uploads\/2026\/04\/Peptide-Test-Order-18x12.png 18w, https:\/\/hangzhouapeptides.com\/wp-content\/uploads\/2026\/04\/Peptide-Test-Order-600x400.png 600w, https:\/\/hangzhouapeptides.com\/wp-content\/uploads\/2026\/04\/Peptide-Test-Order.png 1536w\" sizes=\"auto, (max-width: 1020px) 100vw, 1020px\" \/>\t\t\t\t\t\t\n\t\t\t\t\t<\/div>\n\t\t\t\t\t\t\t\t\n<style>\n#image_2111165255 {\n  width: 100%;\n}\n<\/style>\n\t<\/div>\n\t\n<a href=\"https:\/\/wa.me\/16056384496\" class=\"button primary is-outline\" style=\"border-radius:99px;\" target=\"_blank\" rel=\"noopener\">\n\t\t<span>D\u00e9marrer la commande de test<\/span>\n\t<\/a>\n\n\t<div id=\"text-1577970487\" class=\"text\">\n\t\t\n<h1 data-start=\"1231\" data-end=\"1296\"><strong data-start=\"1231\" data-end=\"1296\">Commande de test peptidique \u2013 Commencez par un article avant l'achat en gros<\/strong><\/h1>\n\t\t\n<style>\n#text-1577970487 {\n  color: #446084;\n}\n#text-1577970487 > * {\n  color: #446084;\n}\n<\/style>\n\t<\/div>\n\t\n<p data-start=\"1323\" data-end=\"1432\">Pas encore pr\u00eat(e) \u00e0 passer une commande en gros ?<br data-start=\"1359\" data-end=\"1362\" \/>Nous comprenons que la confiance est importante lors de l'achat de peptides de recherche.<\/p>\n<p data-start=\"1434\" data-end=\"1658\">Chez Hangzhou Apeptides, vous pouvez commencer par un <strong data-start=\"1478\" data-end=\"1528\">commander des peptides en achetant un seul article<\/strong>. Cela vous permet de v\u00e9rifier la qualit\u00e9 des produits, les normes d'emballage et la fiabilit\u00e9 de la livraison avant de vous engager sur des quantit\u00e9s plus importantes.<\/p>\n\t<div id=\"text-952307815\" class=\"text\">\n\t\t\n<h2>Pourquoi commencer avec une commande de test de peptides<\/h2>\n\t\t\n<style>\n#text-952307815 {\n  color: #446084;\n}\n#text-952307815 > * {\n  color: #446084;\n}\n<\/style>\n\t<\/div>\n\t\n<p>Passer une commande d'essai vous donne une confiance totale dans votre fournisseur. Au lieu de vous engager dans un investissement important d'embl\u00e9e, vous pouvez d'abord \u00e9valuer la qualit\u00e9 et la coh\u00e9rence des produits.<\/p>\n<p>Avec notre syst\u00e8me de commande d'essai, les clients peuvent :<\/p>\n<p>Confirmer la puret\u00e9 et l'\u00e9tiquetage du produit<br \/>\nD\u00e9couvrez notre processus d'emballage et d'exp\u00e9dition<br \/>\nV\u00e9rifier les d\u00e9lais de livraison<br \/>\n\u00c9tablir la confiance avant de passer aux commandes en gros<\/p>\n<p>Cette approche est id\u00e9ale pour les nouveaux clients, les revendeurs et les professionnels de la recherche.<\/p>\n\t<div id=\"text-2990610056\" class=\"text\">\n\t\t\n<h2>Comment fonctionne l'ordre des tests<\/h2>\n\t\t\n<style>\n#text-2990610056 {\n  color: #446084;\n}\n#text-2990610056 > * {\n  color: #446084;\n}\n<\/style>\n\t<\/div>\n\t\n<p data-start=\"2234\" data-end=\"2284\">Le processus est simple et con\u00e7u pour \u00eatre flexible :<\/p>\n<ol data-start=\"2286\" data-end=\"2522\">\n<li data-section-id=\"1s0ab85\" data-start=\"2286\" data-end=\"2332\">Choisissez n'importe quel produit du catalogue ci-dessous<\/li>\n<li data-section-id=\"1klfhde\" data-start=\"2333\" data-end=\"2382\">Commander juste <strong data-start=\"2347\" data-end=\"2380\">un article (commande minimale : $100)<\/strong><\/li>\n<li data-section-id=\"1iuk7uu\" data-start=\"2383\" data-end=\"2436\">Nous pr\u00e9parons et exp\u00e9dions votre commande depuis notre \u00e9tablissement<\/li>\n<li data-section-id=\"v0red4\" data-start=\"2437\" data-end=\"2474\">Vous recevez et testez le produit<\/li>\n<li data-section-id=\"1laaznb\" data-start=\"2475\" data-end=\"2522\">Proc\u00e9dez \u00e0 des achats en gros en toute confiance<\/li>\n<\/ol>\n\t<div id=\"text-4088015156\" class=\"text\">\n\t\t\n<h2>Qualit\u00e9 et normes des produits<\/h2>\n\t\t\n<style>\n#text-4088015156 {\n  color: #446084;\n}\n#text-4088015156 > * {\n  color: #446084;\n}\n<\/style>\n\t<\/div>\n\t\n<p data-start=\"2568\" data-end=\"2627\">Tous les produits de ce catalogue respectent des normes de qualit\u00e9 strictes :<\/p>\n<p data-start=\"2629\" data-end=\"2754\">\u2714 Haute Puret\u00e9 \u226599%<br data-start=\"2647\" data-end=\"2650\" \/>\u2714 Test\u00e9 en laboratoire (HPLC + MS)<br data-start=\"2674\" data-end=\"2677\" \/>\u2714 Production de lots coh\u00e9rente<br data-start=\"2706\" data-end=\"2709\" \/>\u2714 Emballage discret<br data-start=\"2729\" data-end=\"2732\" \/>Exp\u00e9dition dans le monde entier<\/p>\n<p data-start=\"2756\" data-end=\"2845\">Nous nous concentrons sur la fiabilit\u00e9, la coh\u00e9rence et la manipulation professionnelle de tous les peptides de recherche.<\/p>\n\t<div id=\"text-4069964788\" class=\"text\">\n\t\t\n<h2>Liste de prix de d\u00e9tail et catalogue de commande d'essai<\/h2>\n\t\t\n<style>\n#text-4069964788 {\n  color: #446084;\n}\n#text-4069964788 > * {\n  color: #446084;\n}\n<\/style>\n\t<\/div>\n\t\n\t<div id=\"text-1061948396\" class=\"text\">\n\t\t\n<table>\n<thead>\n<tr>\n<th>Code<\/th>\n<th>Produit<\/th>\n<th>Sp\u00e9cification<\/th>\n<th>Prix<\/th>\n<\/tr>\n<\/thead>\n<tbody>\n<tr>\n<td>SM2<\/td>\n<td>S\u00e9maglutide<\/td>\n<td>2mg \u00d7 10 flacons<\/td>\n<td>$30<\/td>\n<\/tr>\n<tr>\n<td>SM5<\/td>\n<td>S\u00e9maglutide<\/td>\n<td>5 mg \u00d7 10 flacons<\/td>\n<td>$45<\/td>\n<\/tr>\n<tr>\n<td>SM7<\/td>\n<td>S\u00e9maglutide<\/td>\n<td>7 mg \u00d7 10 flacons<\/td>\n<td>$50<\/td>\n<\/tr>\n<tr>\n<td>SM10<\/td>\n<td>S\u00e9maglutide<\/td>\n<td>10 mg \u00d7 10 flacons<\/td>\n<td>$55<\/td>\n<\/tr>\n<tr>\n<td>SM12<\/td>\n<td>S\u00e9maglutide<\/td>\n<td>12 mg \u00d7 10 flacons<\/td>\n<td>$60<\/td>\n<\/tr>\n<tr>\n<td>SM15<\/td>\n<td>S\u00e9maglutide<\/td>\n<td>15mg \u00d7 10 flacons<\/td>\n<td>$65<\/td>\n<\/tr>\n<tr>\n<td>SM17<\/td>\n<td>S\u00e9maglutide<\/td>\n<td>17 mg \u00d7 10 flacons<\/td>\n<td>$70<\/td>\n<\/tr>\n<tr>\n<td>SM20<\/td>\n<td>S\u00e9maglutide<\/td>\n<td>20 mg \u00d7 10 flacons<\/td>\n<td>$85<\/td>\n<\/tr>\n<tr>\n<td>SM30<\/td>\n<td>S\u00e9maglutide<\/td>\n<td>30 mg \u00d7 10 flacons<\/td>\n<td>$120<\/td>\n<\/tr>\n<tr>\n<td>TR5<\/td>\n<td>Tirz\u00e9patide<\/td>\n<td>5 mg \u00d7 10 flacons<\/td>\n<td>$45<\/td>\n<\/tr>\n<tr>\n<td>TR7<\/td>\n<td>Tirz\u00e9patide<\/td>\n<td>7 mg \u00d7 10 flacons<\/td>\n<td>$60<\/td>\n<\/tr>\n<tr>\n<td>TR10<\/td>\n<td>Tirz\u00e9patide<\/td>\n<td>10 mg \u00d7 10 flacons<\/td>\n<td>$75<\/td>\n<\/tr>\n<tr>\n<td>TR15<\/td>\n<td>Tirz\u00e9patide<\/td>\n<td>15mg \u00d7 10 flacons<\/td>\n<td>$85<\/td>\n<\/tr>\n<tr>\n<td>TR20<\/td>\n<td>Tirz\u00e9patide<\/td>\n<td>20 mg \u00d7 10 flacons<\/td>\n<td>$95<\/td>\n<\/tr>\n<tr>\n<td>TR30<\/td>\n<td>Tirz\u00e9patide<\/td>\n<td>30 mg \u00d7 10 flacons<\/td>\n<td>$120<\/td>\n<\/tr>\n<tr>\n<td>TR40<\/td>\n<td>Tirz\u00e9patide<\/td>\n<td>40 mg \u00d7 10 flacons<\/td>\n<td>$150<\/td>\n<\/tr>\n<tr>\n<td>TR45<\/td>\n<td>Tirz\u00e9patide<\/td>\n<td>45 mg \u00d7 10 flacons<\/td>\n<td>$160<\/td>\n<\/tr>\n<tr>\n<td>TR50<\/td>\n<td>Tirz\u00e9patide<\/td>\n<td>50mg \u00d7 10 flacons<\/td>\n<td>$180<\/td>\n<\/tr>\n<tr>\n<td>TR60<\/td>\n<td>Tirz\u00e9patide<\/td>\n<td>60 mg \u00d7 10 flacons<\/td>\n<td>$230<\/td>\n<\/tr>\n<tr>\n<td>TR80<\/td>\n<td>Tirz\u00e9patide<\/td>\n<td>80mg \u00d7 10 flacons<\/td>\n<td>$290<\/td>\n<\/tr>\n<tr>\n<td>TR100<\/td>\n<td>Tirz\u00e9patide<\/td>\n<td>100 mg \u00d7 10 flacons<\/td>\n<td>$370<\/td>\n<\/tr>\n<tr>\n<td>RT5<\/td>\n<td>Reta tutide<\/td>\n<td>5 mg \u00d7 10 flacons<\/td>\n<td>$62<\/td>\n<\/tr>\n<tr>\n<td>RT10<\/td>\n<td>Reta tutide<\/td>\n<td>10 mg \u00d7 10 flacons<\/td>\n<td>$100<\/td>\n<\/tr>\n<tr>\n<td>RT12<\/td>\n<td>Reta tutide<\/td>\n<td>12 mg \u00d7 10 flacons<\/td>\n<td>$125<\/td>\n<\/tr>\n<tr>\n<td>RT15<\/td>\n<td>Reta tutide<\/td>\n<td>15mg \u00d7 10 flacons<\/td>\n<td>$130<\/td>\n<\/tr>\n<tr>\n<td>RT20<\/td>\n<td>Reta tutide<\/td>\n<td>20 mg \u00d7 10 flacons<\/td>\n<td>$180<\/td>\n<\/tr>\n<tr>\n<td>RT30<\/td>\n<td>Reta tutide<\/td>\n<td>30 mg \u00d7 10 flacons<\/td>\n<td>$220<\/td>\n<\/tr>\n<tr>\n<td>RT40<\/td>\n<td>Reta tutide<\/td>\n<td>40 mg \u00d7 10 flacons<\/td>\n<td>$310<\/td>\n<\/tr>\n<tr>\n<td>RT50<\/td>\n<td>Reta tutide<\/td>\n<td>50mg \u00d7 10 flacons<\/td>\n<td>$390<\/td>\n<\/tr>\n<tr>\n<td>RT60<\/td>\n<td>Reta tutide<\/td>\n<td>60 mg \u00d7 10 flacons<\/td>\n<td>$450<\/td>\n<\/tr>\n<tr>\n<td>H6<\/td>\n<td>HGH<\/td>\n<td>6 ui \u00d7 10 flacons<\/td>\n<td>$43<\/td>\n<\/tr>\n<tr>\n<td>H10<\/td>\n<td>HGH<\/td>\n<td>10 ui \u00d7 10 flacons<\/td>\n<td>$50<\/td>\n<\/tr>\n<tr>\n<td>H12<\/td>\n<td>HGH<\/td>\n<td>12 UI \u00d7 10 flacons<\/td>\n<td>$65<\/td>\n<\/tr>\n<tr>\n<td>H15<\/td>\n<td>HGH<\/td>\n<td>15 ui \u00d7 10 flacons<\/td>\n<td>$70<\/td>\n<\/tr>\n<tr>\n<td>H24<\/td>\n<td>HGH<\/td>\n<td>24 ui \u00d7 10 flacons<\/td>\n<td>$130<\/td>\n<\/tr>\n<tr>\n<td>H36<\/td>\n<td>HGH<\/td>\n<td>36 UI \u00d7 10 flacons<\/td>\n<td>$190<\/td>\n<\/tr>\n<tr>\n<td>BC2<\/td>\n<td>BPC-157<\/td>\n<td>2mg \u00d7 10 flacons<\/td>\n<td>$25<\/td>\n<\/tr>\n<tr>\n<td>CB5<\/td>\n<td>BPC-157<\/td>\n<td>5 mg \u00d7 10 flacons<\/td>\n<td>$45<\/td>\n<\/tr>\n<tr>\n<td>BC10<\/td>\n<td>BPC-157<\/td>\n<td>10 mg \u00d7 10 flacons<\/td>\n<td>$70<\/td>\n<\/tr>\n<tr>\n<td>BC20<\/td>\n<td>BPC-157<\/td>\n<td>20 mg \u00d7 10 flacons<\/td>\n<td>$135<\/td>\n<\/tr>\n<tr>\n<td>BT5<\/td>\n<td>TB-500<\/td>\n<td>5 mg \u00d7 10 flacons<\/td>\n<td>$74<\/td>\n<\/tr>\n<tr>\n<td>BT10<\/td>\n<td>TB-500<\/td>\n<td>10 mg \u00d7 10 flacons<\/td>\n<td>$156<\/td>\n<\/tr>\n<tr>\n<td>WA3<\/td>\n<td>Eau bact\u00e9riostatique<\/td>\n<td>3 ml \u00d7 10 flacons<\/td>\n<td>$9<\/td>\n<\/tr>\n<tr>\n<td>WA10<\/td>\n<td>Eau bact\u00e9riostatique<\/td>\n<td>10 ml \u00d7 10 flacons<\/td>\n<td>$11<\/td>\n<\/tr>\n<tr>\n<td>NJ100<\/td>\n<td>NAD+<\/td>\n<td>100 mg \u00d7 10 flacons<\/td>\n<td>$50<\/td>\n<\/tr>\n<tr>\n<td>NJ500<\/td>\n<td>NAD+<\/td>\n<td>500 mg \u00d7 10 flacons<\/td>\n<td>$85<\/td>\n<\/tr>\n<tr>\n<td>NJ1000<\/td>\n<td>NAD+<\/td>\n<td>1000 mg \u00d7 10 flacons<\/td>\n<td>$145<\/td>\n<\/tr>\n<tr>\n<td>G5K<\/td>\n<td>HCG<\/td>\n<td>5000 UI \u00d7 10 flacons<\/td>\n<td>$85<\/td>\n<\/tr>\n<tr>\n<td>G10K<\/td>\n<td>HCG<\/td>\n<td>10000 UI \u00d7 10 flacons<\/td>\n<td>$165<\/td>\n<\/tr>\n<tr>\n<td>TA5<\/td>\n<td>Thymosine alpha-1<\/td>\n<td>5 mg \u00d7 10 flacons<\/td>\n<td>$91<\/td>\n<\/tr>\n<tr>\n<td>TA10<\/td>\n<td>Thymosine alpha-1<\/td>\n<td>10 mg \u00d7 10 flacons<\/td>\n<td>$156<\/td>\n<\/tr>\n<tr>\n<td>GTT600<\/td>\n<td>Glutathion<\/td>\n<td>600 mg \u00d7 10 flacons<\/td>\n<td>$45<\/td>\n<\/tr>\n<tr>\n<td>GTT1200<\/td>\n<td>Glutathion<\/td>\n<td>1200mg \u00d7 10 flacons<\/td>\n<td>$72<\/td>\n<\/tr>\n<tr>\n<td>IG01<\/td>\n<td>IGF-1 LR3<\/td>\n<td>0,1mg \u00d7 10 flacons<\/td>\n<td>$45<\/td>\n<\/tr>\n<tr>\n<td>IG1<\/td>\n<td>IGF-1 LR3<\/td>\n<td>1mg \u00d7 10 flacons<\/td>\n<td>$200<\/td>\n<\/tr>\n<tr>\n<td>DGI<\/td>\n<td>IGF-DES<\/td>\n<td>2mg \u00d7 10 flacons<\/td>\n<td>$80<\/td>\n<\/tr>\n<tr>\n<td>P41<\/td>\n<td>PT-141<\/td>\n<td>10 mg \u00d7 10 flacons<\/td>\n<td>$57<\/td>\n<\/tr>\n<tr>\n<td>VP10<\/td>\n<td>VIP<\/td>\n<td>10 mg \u00d7 10 flacons<\/td>\n<td>$140<\/td>\n<\/tr>\n<tr>\n<td>DS2<\/td>\n<td>DSIP<\/td>\n<td>2mg \u00d7 10 flacons<\/td>\n<td>$34<\/td>\n<\/tr>\n<tr>\n<td>DS5<\/td>\n<td>DSIP<\/td>\n<td>5 mg \u00d7 10 flacons<\/td>\n<td>$50<\/td>\n<\/tr>\n<tr>\n<td>DS10<\/td>\n<td>DSIP<\/td>\n<td>10 mg \u00d7 10 flacons<\/td>\n<td>$100<\/td>\n<\/tr>\n<tr>\n<td>DS15<\/td>\n<td>DSIP<\/td>\n<td>15mg \u00d7 10 flacons<\/td>\n<td>$140<\/td>\n<\/tr>\n<tr>\n<td>XT100<\/td>\n<td>Toxine botulique<\/td>\n<td>100 UI \u00d7 10 flacons<\/td>\n<td>$145<\/td>\n<\/tr>\n<\/tbody>\n<\/table>\n\t\t\n<style>\n#text-1061948396 {\n  color: #C05530;\n}\n#text-1061948396 > * {\n  color: #C05530;\n}\n<\/style>\n\t<\/div>\n\t\n\t<div id=\"text-2909218787\" class=\"text\">\n\t\t\n<h2>Pr\u00eat \u00e0 d\u00e9marrer votre commande d'essai ?<\/h2>\n\t\t\n<style>\n#text-2909218787 {\n  color: #446084;\n}\n#text-2909218787 > * {\n  color: #446084;\n}\n<\/style>\n\t<\/div>\n\t\n\t<div id=\"text-3666456678\" class=\"text\">\n\t\t\n<p>Si vous \u00eates pr\u00eat \u00e0 v\u00e9rifier la qualit\u00e9 du produit avant de passer une commande en gros, vous pouvez commencer imm\u00e9diatement.<\/p>\n\t\t\n<style>\n#text-3666456678 {\n  font-size: 1.35rem;\n  color: #C05530;\n}\n#text-3666456678 > * {\n  color: #C05530;\n}\n<\/style>\n\t<\/div>\n\t\n<a href=\"https:\/\/wa.me\/16056384496\" class=\"button primary is-outline\" style=\"border-radius:99px;\" target=\"_blank\" rel=\"noopener\">\n\t\t<span>D\u00e9marrer la commande de test<\/span>\n\t<\/a>\n\n<p>Les commandes sont pr\u00e9par\u00e9es dans notre usine de Hangzhou et exp\u00e9di\u00e9es dans le monde entier \u00e0 l'aide de m\u00e9thodes d'emballage s\u00e9curis\u00e9es et discr\u00e8tes.<\/p>\n\t<div class=\"img has-hover x md-x lg-x y md-y lg-y\" id=\"image_1836035938\">\n\t\t\t\t\t\t\t\t<div class=\"img-inner dark\" >\n\t\t\t<img loading=\"lazy\" decoding=\"async\" width=\"1020\" height=\"680\" src=\"https:\/\/hangzhouapeptides.com\/wp-content\/uploads\/2026\/01\/hangzhouapeptides-global-chemical-1-1024x683.png\" class=\"attachment-large size-large\" alt=\"\" srcset=\"https:\/\/hangzhouapeptides.com\/wp-content\/uploads\/2026\/01\/hangzhouapeptides-global-chemical-1-1024x683.png 1024w, https:\/\/hangzhouapeptides.com\/wp-content\/uploads\/2026\/01\/hangzhouapeptides-global-chemical-1-300x200.png 300w, https:\/\/hangzhouapeptides.com\/wp-content\/uploads\/2026\/01\/hangzhouapeptides-global-chemical-1-768x512.png 768w, https:\/\/hangzhouapeptides.com\/wp-content\/uploads\/2026\/01\/hangzhouapeptides-global-chemical-1-600x400.png 600w, https:\/\/hangzhouapeptides.com\/wp-content\/uploads\/2026\/01\/hangzhouapeptides-global-chemical-1.png 1536w\" sizes=\"auto, (max-width: 1020px) 100vw, 1020px\" \/>\t\t\t\t\t\t\n\t\t\t\t\t<\/div>\n\t\t\t\t\t\t\t\t\n<style>\n#image_1836035938 {\n  width: 100%;\n}\n<\/style>\n\t<\/div>\n\t\n\t<div id=\"text-3072968514\" class=\"text\">\n\t\t\n<h2>Passer de la commande d'essai \u00e0 l'approvisionnement en vrac<\/h2>\n\t\t\n<style>\n#text-3072968514 {\n  color: #446084;\n}\n#text-3072968514 > * {\n  color: #446084;\n}\n<\/style>\n\t<\/div>\n\t\n<p data-start=\"3690\" data-end=\"3733\">Une fois la qualit\u00e9 du produit confirm\u00e9e, nous proposons :<\/p>\n<ul data-start=\"3735\" data-end=\"3842\">\n<li data-section-id=\"x8b0l8\" data-start=\"3735\" data-end=\"3768\">Meilleur prix pour les commandes en gros<\/li>\n<li data-section-id=\"1pwekoh\" data-start=\"3769\" data-end=\"3792\">Traitement prioritaire<\/li>\n<li data-section-id=\"wo761r\" data-start=\"3793\" data-end=\"3820\">Approvisionnement stable \u00e0 long terme<\/li>\n<li data-section-id=\"uk1nbw\" data-start=\"3821\" data-end=\"3842\">Support d\u00e9di\u00e9<\/li>\n<\/ul>\n<p data-start=\"3844\" data-end=\"3908\">Notre objectif est de b\u00e2tir des partenariats \u00e0 long terme avec des acheteurs s\u00e9rieux.<\/p>","protected":false},"excerpt":{"rendered":"<p>Not ready to place a bulk order yet?We understand that trust is important when sourcing research peptides. At Hangzhou Apeptides, you can start with a peptide test order by purchasing just one item. This allows you to verify product quality, packaging standards, and delivery reliability before committing to larger quantities. Starting with a test order [&#8230;]\n","protected":false},"author":1,"featured_media":0,"parent":0,"menu_order":0,"comment_status":"closed","ping_status":"closed","template":"","meta":{"_glsr_average":0,"_glsr_ranking":0,"_glsr_reviews":0,"footnotes":""},"class_list":["post-953","page","type-page","status-publish","hentry"],"yoast_head":"<!-- This site is optimized with the Yoast SEO Premium plugin v27.5 (Yoast SEO v27.5) - https:\/\/yoast.com\/product\/yoast-seo-premium-wordpress\/ -->\n<title>Retail \/ Test Order -<\/title>\n<meta name=\"robots\" content=\"index, follow, max-snippet:-1, max-image-preview:large, max-video-preview:-1\" \/>\n<link rel=\"canonical\" href=\"https:\/\/hangzhouapeptides.com\/fr\/commande-test-de-detail\/\" \/>\n<meta property=\"og:locale\" content=\"fr_FR\" \/>\n<meta property=\"og:type\" content=\"article\" \/>\n<meta property=\"og:title\" content=\"Retail \/ Test Order\" \/>\n<meta property=\"og:description\" content=\"Not ready to place a bulk order yet?We understand that trust is important when sourcing research peptides. At Hangzhou Apeptides, you can start with a peptide test order by purchasing just one item. This allows you to verify product quality, packaging standards, and delivery reliability before committing to larger quantities. Starting with a test order [...]\" \/>\n<meta property=\"og:url\" content=\"https:\/\/hangzhouapeptides.com\/fr\/commande-test-de-detail\/\" \/>\n<meta property=\"article:modified_time\" content=\"2026-04-29T17:52:22+00:00\" \/>\n<meta name=\"twitter:card\" content=\"summary_large_image\" \/>\n<meta name=\"twitter:label1\" content=\"Dur\u00e9e de lecture estim\u00e9e\" \/>\n\t<meta name=\"twitter:data1\" content=\"3 minutes\" \/>\n<script type=\"application\/ld+json\" class=\"yoast-schema-graph\">{\"@context\":\"https:\\\/\\\/schema.org\",\"@graph\":[{\"@type\":\"WebPage\",\"@id\":\"https:\\\/\\\/hangzhouapeptides.com\\\/fr\\\/commande-test-de-detail\\\/\",\"url\":\"https:\\\/\\\/hangzhouapeptides.com\\\/fr\\\/commande-test-de-detail\\\/\",\"name\":\"Retail \\\/ Test Order -\",\"isPartOf\":{\"@id\":\"https:\\\/\\\/hangzhouapeptides.com\\\/#website\"},\"datePublished\":\"2026-04-29T17:25:43+00:00\",\"dateModified\":\"2026-04-29T17:52:22+00:00\",\"breadcrumb\":{\"@id\":\"https:\\\/\\\/hangzhouapeptides.com\\\/fr\\\/commande-test-de-detail\\\/#breadcrumb\"},\"inLanguage\":\"fr-FR\",\"potentialAction\":[{\"@type\":\"ReadAction\",\"target\":[\"https:\\\/\\\/hangzhouapeptides.com\\\/fr\\\/commande-test-de-detail\\\/\"]}]},{\"@type\":\"BreadcrumbList\",\"@id\":\"https:\\\/\\\/hangzhouapeptides.com\\\/fr\\\/commande-test-de-detail\\\/#breadcrumb\",\"itemListElement\":[{\"@type\":\"ListItem\",\"position\":1,\"name\":\"Home\",\"item\":\"https:\\\/\\\/hangzhouapeptides.com\\\/\"},{\"@type\":\"ListItem\",\"position\":2,\"name\":\"Retail \\\/ Test Order\"}]},{\"@type\":\"WebSite\",\"@id\":\"https:\\\/\\\/hangzhouapeptides.com\\\/#website\",\"url\":\"https:\\\/\\\/hangzhouapeptides.com\\\/\",\"name\":\"\",\"description\":\"\",\"potentialAction\":[{\"@type\":\"SearchAction\",\"target\":{\"@type\":\"EntryPoint\",\"urlTemplate\":\"https:\\\/\\\/hangzhouapeptides.com\\\/?s={search_term_string}\"},\"query-input\":{\"@type\":\"PropertyValueSpecification\",\"valueRequired\":true,\"valueName\":\"search_term_string\"}}],\"inLanguage\":\"fr-FR\"}]}<\/script>\n<!-- \/ Yoast SEO Premium plugin. -->","yoast_head_json":{"title":"Commerce de d\u00e9tail \/ Commande test -","robots":{"index":"index","follow":"follow","max-snippet":"max-snippet:-1","max-image-preview":"max-image-preview:large","max-video-preview":"max-video-preview:-1"},"canonical":"https:\/\/hangzhouapeptides.com\/fr\/commande-test-de-detail\/","og_locale":"fr_FR","og_type":"article","og_title":"Retail \/ Test Order","og_description":"Not ready to place a bulk order yet?We understand that trust is important when sourcing research peptides. At Hangzhou Apeptides, you can start with a peptide test order by purchasing just one item. This allows you to verify product quality, packaging standards, and delivery reliability before committing to larger quantities. Starting with a test order [...]","og_url":"https:\/\/hangzhouapeptides.com\/fr\/commande-test-de-detail\/","article_modified_time":"2026-04-29T17:52:22+00:00","twitter_card":"summary_large_image","twitter_misc":{"Dur\u00e9e de lecture estim\u00e9e":"3 minutes"},"schema":{"@context":"https:\/\/schema.org","@graph":[{"@type":"WebPage","@id":"https:\/\/hangzhouapeptides.com\/fr\/commande-test-de-detail\/","url":"https:\/\/hangzhouapeptides.com\/fr\/commande-test-de-detail\/","name":"Commerce de d\u00e9tail \/ Commande test -","isPartOf":{"@id":"https:\/\/hangzhouapeptides.com\/#website"},"datePublished":"2026-04-29T17:25:43+00:00","dateModified":"2026-04-29T17:52:22+00:00","breadcrumb":{"@id":"https:\/\/hangzhouapeptides.com\/fr\/commande-test-de-detail\/#breadcrumb"},"inLanguage":"fr-FR","potentialAction":[{"@type":"ReadAction","target":["https:\/\/hangzhouapeptides.com\/fr\/commande-test-de-detail\/"]}]},{"@type":"BreadcrumbList","@id":"https:\/\/hangzhouapeptides.com\/fr\/commande-test-de-detail\/#breadcrumb","itemListElement":[{"@type":"ListItem","position":1,"name":"Home","item":"https:\/\/hangzhouapeptides.com\/"},{"@type":"ListItem","position":2,"name":"Retail \/ Test Order"}]},{"@type":"WebSite","@id":"https:\/\/hangzhouapeptides.com\/#website","url":"https:\/\/hangzhouapeptides.com\/","name":"","description":"","potentialAction":[{"@type":"SearchAction","target":{"@type":"EntryPoint","urlTemplate":"https:\/\/hangzhouapeptides.com\/?s={search_term_string}"},"query-input":{"@type":"PropertyValueSpecification","valueRequired":true,"valueName":"search_term_string"}}],"inLanguage":"fr-FR"}]}},"jetpack_sharing_enabled":true,"_links":{"self":[{"href":"https:\/\/hangzhouapeptides.com\/fr\/wp-json\/wp\/v2\/pages\/953","targetHints":{"allow":["GET"]}}],"collection":[{"href":"https:\/\/hangzhouapeptides.com\/fr\/wp-json\/wp\/v2\/pages"}],"about":[{"href":"https:\/\/hangzhouapeptides.com\/fr\/wp-json\/wp\/v2\/types\/page"}],"author":[{"embeddable":true,"href":"https:\/\/hangzhouapeptides.com\/fr\/wp-json\/wp\/v2\/users\/1"}],"replies":[{"embeddable":true,"href":"https:\/\/hangzhouapeptides.com\/fr\/wp-json\/wp\/v2\/comments?post=953"}],"version-history":[{"count":4,"href":"https:\/\/hangzhouapeptides.com\/fr\/wp-json\/wp\/v2\/pages\/953\/revisions"}],"predecessor-version":[{"id":963,"href":"https:\/\/hangzhouapeptides.com\/fr\/wp-json\/wp\/v2\/pages\/953\/revisions\/963"}],"wp:attachment":[{"href":"https:\/\/hangzhouapeptides.com\/fr\/wp-json\/wp\/v2\/media?parent=953"}],"curies":[{"name":"wp","href":"https:\/\/api.w.org\/{rel}","templated":true}]}}