{"id":26,"date":"2026-01-18T23:39:46","date_gmt":"2026-01-18T23:39:46","guid":{"rendered":"https:\/\/hangzhouapeptides.com\/?page_id=26"},"modified":"2026-04-24T05:13:53","modified_gmt":"2026-04-24T05:13:53","slug":"politique-dexpedition","status":"publish","type":"page","link":"https:\/\/hangzhouapeptides.com\/fr\/shipping-policy\/","title":{"rendered":"Politique d'exp\u00e9dition"},"content":{"rendered":"<section class=\"section dark\" id=\"section_2088685276\">\n\t\t<div class=\"bg section-bg fill bg-fill\" >\n\n\t\t\t\n\t\t\t<div class=\"section-bg-overlay absolute fill\"><\/div><div class=\"effect-sparkle bg-effect fill no-click\"><\/div>\n\t\t\t\n\n\t\t<\/div>\n\n\t\t\n\n\t\t<div class=\"section-content relative\">\n\t\t\t\n<div class=\"row align-center\"  id=\"row-11443396\">\n\n\t<div id=\"col-946146103\" class=\"col medium-12 small-12 large-9\"  >\n\t\t\t\t<div class=\"col-inner text-center\"  >\n\t\t\t\n\t<div class=\"is-border\"\n\t\tstyle=\"border-color:rgb(255, 255, 255);border-width:4px 4px 4px 4px;\">\n\t<\/div>\n\t\t\t\n\t<div id=\"text-655977489\" class=\"text\">\n\t\t\n<h6>R\u00e9seau d'exp\u00e9dition mondial<\/h6>\n\t\t\n<style>\n#text-655977489 {\n  font-size: 2.5rem;\n  line-height: 1;\n}\n@media (min-width:550px) {\n  #text-655977489 {\n    font-size: 4rem;\n    line-height: 0.75;\n  }\n}\n<\/style>\n\t<\/div>\n\t\n\t<div id=\"text-1807146971\" class=\"text\">\n\t\t\n<h3 class=\"uppercase\">Traitement rapide, emballage s\u00e9curis\u00e9 et livraison mondiale<\/h3>\n\t\t\n<style>\n#text-1807146971 {\n  font-size: 1rem;\n  line-height: 0.75;\n}\n<\/style>\n\t<\/div>\n\t\n\t\t<\/div>\n\t\t\t\t\n<style>\n#col-946146103 > .col-inner {\n  padding: 10% 10% 10% 10%;\n}\n<\/style>\n\t<\/div>\n\n\t\n<\/div>\n\t\t<\/div>\n\n\t\t\n<style>\n#section_2088685276 {\n  padding-top: 30px;\n  padding-bottom: 30px;\n  min-height: 400px;\n  background-color: rgb(255,255,255);\n}\n#section_2088685276 .section-bg-overlay {\n  background-color: rgba(14, 0, 0, 0.43);\n}\n#section_2088685276 .section-bg.bg-loaded {\n  background-image: url(https:\/\/hangzhouapeptides.com\/wp-content\/uploads\/2026\/01\/shipping.jpg);\n}\n#section_2088685276 .section-bg {\n  background-position: 30% 59%;\n}\n@media (min-width:550px) {\n  #section_2088685276 {\n    min-height: 600px;\n  }\n}\n@media (min-width:850px) {\n  #section_2088685276 {\n    min-height: 700px;\n  }\n}\n<\/style>\n\t<\/section>\n\t\n\t<div id=\"text-3186767121\" class=\"text\">\n\t\t\n<h1 style=\"text-align: center;\">Politique d'exp\u00e9dition<\/h1>\n\t\t\n<style>\n#text-3186767121 {\n  color: #d26e4b;\n}\n#text-3186767121 > * {\n  color: #d26e4b;\n}\n<\/style>\n\t<\/div>\n\t\n<div class=\"row\"  id=\"row-1476598303\">\n\n\t<div id=\"col-2064472812\" class=\"col medium-4 small-12 large-4\"  >\n\t\t\t\t<div class=\"col-inner\"  >\n\t\t\t\n\t\t\t\n\t<div id=\"text-3432777155\" class=\"text\">\n\t\t\n<h2>Informations de livraison<\/h2>\n\t\t\n<style>\n#text-3432777155 {\n  font-size: 0.75rem;\n  color: #d26e4b;\n}\n#text-3432777155 > * {\n  color: #d26e4b;\n}\n<\/style>\n\t<\/div>\n\t\n\t<div id=\"text-857845162\" class=\"text\">\n\t\t\n<p data-start=\"408\" data-end=\"692\">\u00c0 <a href=\"https:\/\/hangzhouapeptides.com\/fr\/politique-dexpedition\/\">Hangzhouapeptides.com<\/a>, nous nous engageons \u00e0 garantir que tous les produits de recherche sont emball\u00e9s en toute s\u00e9curit\u00e9 et exp\u00e9di\u00e9s efficacement. Cette politique d'exp\u00e9dition d\u00e9crit nos d\u00e9lais de traitement, nos m\u00e9thodes d'exp\u00e9dition, nos estimations de livraison et les consid\u00e9rations importantes relatives aux exp\u00e9ditions internationales.<\/p>\n<p data-start=\"694\" data-end=\"791\">Tous les produits vendus sur ce site Web sont destin\u00e9s <strong data-start=\"741\" data-end=\"790\">strictement pour la recherche et l'usage en laboratoire seulement<\/strong>.<\/p>\n\t\t\n<style>\n#text-857845162 {\n  font-size: 0.75rem;\n  color: rgb(0,0,0);\n}\n#text-857845162 > * {\n  color: rgb(0,0,0);\n}\n<\/style>\n\t<\/div>\n\t\n\t\t<\/div>\n\t\t\t\t\t<\/div>\n\n\t\n\n\t<div id=\"col-549066584\" class=\"col medium-4 small-12 large-4\"  >\n\t\t\t\t<div class=\"col-inner\"  >\n\t\t\t\n\t\t\t\n\t<div id=\"text-17396337\" class=\"text\">\n\t\t\n<h2>Informations de suivi<\/h2>\n\t\t\n<style>\n#text-17396337 {\n  font-size: 0.75rem;\n  color: #d26e4b;\n}\n#text-17396337 > * {\n  color: #d26e4b;\n}\n<\/style>\n\t<\/div>\n\t\n\t<div id=\"text-2656629576\" class=\"text\">\n\t\t\n<p data-start=\"3069\" data-end=\"3114\">Les num\u00e9ros de suivi sont fournis lorsque disponibles.<\/p>\n<p data-start=\"3117\" data-end=\"3172\">Les mises \u00e0 jour de suivi d\u00e9pendent du transporteur et de la destination.<\/p>\n<p data-start=\"3175\" data-end=\"3267\">Veuillez pr\u00e9voir jusqu'\u00e0 <strong data-start=\"3194\" data-end=\"3209\">24\u201348 heures<\/strong> pour que les informations de suivi deviennent actives apr\u00e8s l'exp\u00e9dition.<\/p>\n\t\t\n<style>\n#text-2656629576 {\n  font-size: 0.75rem;\n  color: rgb(0, 0, 0);\n}\n#text-2656629576 > * {\n  color: rgb(0, 0, 0);\n}\n<\/style>\n\t<\/div>\n\t\n\t\t<\/div>\n\t\t\t\t\t<\/div>\n\n\t\n\n\t<div id=\"col-572922503\" class=\"col medium-4 small-12 large-4\"  >\n\t\t\t\t<div class=\"col-inner\"  >\n\t\t\t\n\t\t\t\n\t<div id=\"text-2526596657\" class=\"text\">\n\t\t\n<h2>Emballage et discr\u00e9tion<\/h2>\n\t\t\n<style>\n#text-2526596657 {\n  font-size: 0.75rem;\n  color: #d26e4b;\n}\n#text-2526596657 > * {\n  color: #d26e4b;\n}\n<\/style>\n\t<\/div>\n\t\n<div class=\"row\"  id=\"row-993451642\">\n\n\t<div id=\"col-151512903\" class=\"col small-12 large-12\"  >\n\t\t\t\t<div class=\"col-inner\"  >\n\t\t\t\n\t\t\t\n\t<div id=\"text-1962335461\" class=\"text\">\n\t\t\n<ul>\n<li data-start=\"2835\" data-end=\"2900\">\n<p data-start=\"2837\" data-end=\"2900\">Toutes les commandes sont emball\u00e9es de mani\u00e8re s\u00e9curis\u00e9e pour maintenir l'int\u00e9grit\u00e9 du produit.<\/p>\n<\/li>\n<li data-start=\"2901\" data-end=\"2958\">\n<p data-start=\"2903\" data-end=\"2958\">Un emballage discret est utilis\u00e9 pour prot\u00e9ger la vie priv\u00e9e du client.<\/p>\n<\/li>\n<\/ul>\n\t\t\n<style>\n#text-1962335461 {\n  font-size: 0.75rem;\n  color: rgb(0,0,0);\n}\n#text-1962335461 > * {\n  color: rgb(0,0,0);\n}\n<\/style>\n\t<\/div>\n\t\n\t\t<\/div>\n\t\t\t\t\t<\/div>\n\n\t\n<\/div>\n\t\t<\/div>\n\t\t\t\t\t<\/div>\n\n\t\n<\/div>\n\t<div class=\"img has-hover x md-x lg-x y md-y lg-y\" id=\"image_1349510663\">\n\t\t\t\t\t\t\t\t<div class=\"img-inner dark\" >\n\t\t\t<img loading=\"lazy\" decoding=\"async\" width=\"1402\" height=\"1122\" src=\"https:\/\/hangzhouapeptides.com\/wp-content\/uploads\/2026\/04\/ordeessss.png\" class=\"attachment-original size-original\" alt=\"\" srcset=\"https:\/\/hangzhouapeptides.com\/wp-content\/uploads\/2026\/04\/ordeessss.png 1402w, https:\/\/hangzhouapeptides.com\/wp-content\/uploads\/2026\/04\/ordeessss-300x240.png 300w, https:\/\/hangzhouapeptides.com\/wp-content\/uploads\/2026\/04\/ordeessss-1024x819.png 1024w, https:\/\/hangzhouapeptides.com\/wp-content\/uploads\/2026\/04\/ordeessss-768x615.png 768w, https:\/\/hangzhouapeptides.com\/wp-content\/uploads\/2026\/04\/ordeessss-15x12.png 15w, https:\/\/hangzhouapeptides.com\/wp-content\/uploads\/2026\/04\/ordeessss-600x480.png 600w\" sizes=\"auto, (max-width: 1402px) 100vw, 1402px\" \/>\t\t\t\t\t\t\n\t\t\t\t\t<\/div>\n\t\t\t\t\t\t\t\t\n<style>\n#image_1349510663 {\n  width: 100%;\n}\n<\/style>\n\t<\/div>\n\t\n\t<div class=\"img has-hover x md-x lg-x y md-y lg-y\" id=\"image_1929251515\">\n\t\t\t\t\t\t\t\t<div class=\"img-inner dark\" >\n\t\t\t<img loading=\"lazy\" decoding=\"async\" width=\"1020\" height=\"253\" src=\"https:\/\/hangzhouapeptides.com\/wp-content\/uploads\/2026\/01\/PEPTIDE-SHIPPING-1024x254.jpg\" class=\"attachment-large size-large\" alt=\"EXP\u00c9DITION DE PEPTIDES\" srcset=\"https:\/\/hangzhouapeptides.com\/wp-content\/uploads\/2026\/01\/PEPTIDE-SHIPPING-1024x254.jpg 1024w, https:\/\/hangzhouapeptides.com\/wp-content\/uploads\/2026\/01\/PEPTIDE-SHIPPING-300x74.jpg 300w, https:\/\/hangzhouapeptides.com\/wp-content\/uploads\/2026\/01\/PEPTIDE-SHIPPING-768x191.jpg 768w, https:\/\/hangzhouapeptides.com\/wp-content\/uploads\/2026\/01\/PEPTIDE-SHIPPING-600x149.jpg 600w, https:\/\/hangzhouapeptides.com\/wp-content\/uploads\/2026\/01\/PEPTIDE-SHIPPING.jpg 1080w\" sizes=\"auto, (max-width: 1020px) 100vw, 1020px\" \/>\t\t\t\t\t\t\n\t\t\t\t\t<\/div>\n\t\t\t\t\t\t\t\t\n<style>\n#image_1929251515 {\n  width: 100%;\n}\n<\/style>\n\t<\/div>\n\t\n<div class=\"row\"  id=\"row-2101292399\">\n\n\t<div id=\"col-1634042605\" class=\"col small-12 large-12\"  >\n\t\t\t\t<div class=\"col-inner\"  >\n\t\t\t\n\t\t\t\n\t<div id=\"text-2695614875\" class=\"text\">\n\t\t\n<h2 data-start=\"798\" data-end=\"822\">D\u00e9lai de traitement des commandes<\/h2>\n\t\t\n<style>\n#text-2695614875 {\n  font-size: 0.75rem;\n  color: #d26e4b;\n}\n#text-2695614875 > * {\n  color: #d26e4b;\n}\n<\/style>\n\t<\/div>\n\t\n<div class=\"row\"  id=\"row-1967015957\">\n\n\t<div id=\"col-39452633\" class=\"col small-12 large-12\"  >\n\t\t\t\t<div class=\"col-inner\"  >\n\t\t\t\n\t\t\t\n\t<div id=\"text-205405663\" class=\"text\">\n\t\t\n<h2 data-start=\"798\" data-end=\"822\">\u00a0<\/h2>\n<ul data-start=\"824\" data-end=\"1080\">\n<li data-start=\"824\" data-end=\"913\">\n<p data-start=\"826\" data-end=\"913\">Les commandes sont g\u00e9n\u00e9ralement trait\u00e9es dans un d\u00e9lai de <strong data-start=\"864\" data-end=\"885\">1 \u00e0 3 jours ouvrables<\/strong> apr\u00e8s confirmation de paiement.<\/p>\n<\/li>\n<li data-start=\"914\" data-end=\"1004\">\n<p data-start=\"916\" data-end=\"1004\">Les commandes pass\u00e9es le week-end ou les jours f\u00e9ri\u00e9s seront trait\u00e9es le jour ouvrable suivant.<\/p>\n<\/li>\n<li data-start=\"1005\" data-end=\"1080\">\n<p data-start=\"1007\" data-end=\"1080\">Pendant les p\u00e9riodes de forte demande, les d\u00e9lais de traitement peuvent \u00eatre l\u00e9g\u00e8rement allong\u00e9s.<\/p>\n<\/li>\n<\/ul>\n<p data-start=\"1082\" data-end=\"1217\">Une fois votre commande exp\u00e9di\u00e9e, vous recevrez <strong data-start=\"1135\" data-end=\"1166\">confirmation d'exp\u00e9dition par courriel<\/strong> contenant des informations de suivi (lorsqu'elles sont disponibles).<\/p>\n\t\t\n<style>\n#text-205405663 {\n  font-size: 0.75rem;\n  color: rgb(0,0,0);\n}\n#text-205405663 > * {\n  color: rgb(0,0,0);\n}\n<\/style>\n\t<\/div>\n\t\n\t\t<\/div>\n\t\t\t\t\t<\/div>\n\n\t\n<\/div>\n\t\t<\/div>\n\t\t\t\t\t<\/div>\n\n\t\n<\/div>\n\t<div class=\"img has-hover x md-x lg-x y md-y lg-y\" id=\"image_541939974\">\n\t\t\t\t\t\t\t\t<div class=\"img-inner dark\" >\n\t\t\t<img loading=\"lazy\" decoding=\"async\" width=\"1020\" height=\"156\" src=\"https:\/\/hangzhouapeptides.com\/wp-content\/uploads\/2026\/01\/PEPTIDE-SUPPLY-1024x157.jpg\" class=\"attachment-large size-large\" alt=\"Peptide pour la recherche\" srcset=\"https:\/\/hangzhouapeptides.com\/wp-content\/uploads\/2026\/01\/PEPTIDE-SUPPLY-1024x157.jpg 1024w, https:\/\/hangzhouapeptides.com\/wp-content\/uploads\/2026\/01\/PEPTIDE-SUPPLY-300x46.jpg 300w, https:\/\/hangzhouapeptides.com\/wp-content\/uploads\/2026\/01\/PEPTIDE-SUPPLY-768x118.jpg 768w, https:\/\/hangzhouapeptides.com\/wp-content\/uploads\/2026\/01\/PEPTIDE-SUPPLY-600x92.jpg 600w, https:\/\/hangzhouapeptides.com\/wp-content\/uploads\/2026\/01\/PEPTIDE-SUPPLY.jpg 1080w\" sizes=\"auto, (max-width: 1020px) 100vw, 1020px\" \/>\t\t\t\t\t\t\n\t\t\t\t\t<\/div>\n\t\t\t\t\t\t\t\t\n<style>\n#image_541939974 {\n  width: 100%;\n}\n<\/style>\n\t<\/div>\n\t\n<div class=\"row\"  id=\"row-35844168\">\n\n\t<div id=\"col-160680750\" class=\"col medium-4 small-12 large-4\"  >\n\t\t\t\t<div class=\"col-inner\"  >\n\t\t\t\n\t\t\t\n\t<div id=\"text-3226876260\" class=\"text\">\n\t\t\n<h3>D\u00e9lai de livraison estim\u00e9<\/h3>\n\t\t\n<style>\n#text-3226876260 {\n  color: #d26e4b;\n}\n#text-3226876260 > * {\n  color: #d26e4b;\n}\n<\/style>\n\t<\/div>\n\t\n\t<div id=\"text-2578203232\" class=\"text\">\n\t\t\n<p data-start=\"1825\" data-end=\"1927\">D\u00e9lais de livraison estim\u00e9s commencent <strong data-start=\"1856\" data-end=\"1895\">apr\u00e8s que la commande a \u00e9t\u00e9 exp\u00e9di\u00e9e<\/strong>, pas \u00e0 partir de la date d'achat.<\/p>\n<ul data-start=\"1929\" data-end=\"2072\">\n<li data-start=\"1929\" data-end=\"1973\">\n<p data-start=\"1931\" data-end=\"1973\"><strong data-start=\"1931\" data-end=\"1953\">Exp\u00e9dition nationale :<\/strong> 3 \u00e0 7 jours ouvrables<\/p>\n<\/li>\n<li data-start=\"1974\" data-end=\"2072\">\n<p data-start=\"1976\" data-end=\"2072\"><strong data-start=\"1976\" data-end=\"2003\">Exp\u00e9dition Internationale :<\/strong> 7 \u00e0 21 jours ouvrables (selon la destination et le traitement douanier)<\/p>\n<\/li>\n<\/ul>\n<p data-start=\"2074\" data-end=\"2214\">Les d\u00e9lais de livraison sont des estimations et peuvent \u00eatre affect\u00e9s par des facteurs ind\u00e9pendants de notre volont\u00e9, tels que les retards douaniers ou les perturbations du service de messagerie.<\/p>\n\t\t\n<style>\n#text-2578203232 {\n  font-size: 0.75rem;\n  color: rgb(0,0,0);\n}\n#text-2578203232 > * {\n  color: rgb(0,0,0);\n}\n<\/style>\n\t<\/div>\n\t\n\t\t<\/div>\n\t\t\t\t\t<\/div>\n\n\t\n\n\t<div id=\"col-1173147115\" class=\"col medium-4 small-12 large-4\"  >\n\t\t\t\t<div class=\"col-inner\"  >\n\t\t\t\n\t\t\t\n\t<div id=\"text-2422638342\" class=\"text\">\n\t\t\n<h3>Exp\u00e9ditions perdues ou retard\u00e9es<\/h3>\n\t\t\n<style>\n#text-2422638342 {\n  color: #d26e4b;\n}\n#text-2422638342 > * {\n  color: #d26e4b;\n}\n<\/style>\n\t<\/div>\n\t\n\t<div id=\"text-928579581\" class=\"text\">\n\t\t\n<p data-start=\"3304\" data-end=\"3342\">Si votre commande semble \u00eatre retard\u00e9e ou perdue :<\/p>\n<ul data-start=\"3344\" data-end=\"3596\">\n<li data-start=\"3344\" data-end=\"3426\">\n<p data-start=\"3346\" data-end=\"3426\">Veuillez attendre la fin du d\u00e9lai de livraison estim\u00e9 avant de contacter le support.<\/p>\n<\/li>\n<li data-start=\"3427\" data-end=\"3516\">\n<p data-start=\"3429\" data-end=\"3516\">Une fois confirm\u00e9e comme perdue par le coursier, nous vous assisterons conform\u00e9ment \u00e0 notre processus de r\u00e9solution.<\/p>\n<\/li>\n<li data-start=\"3517\" data-end=\"3596\">\n<p data-start=\"3519\" data-end=\"3596\">Nous ne sommes pas responsables des adresses d'exp\u00e9dition incorrectes fournies lors du paiement.<\/p>\n<\/li>\n<\/ul>\n\t\t\n<style>\n#text-928579581 {\n  font-size: 0.75rem;\n  color: rgb(0,0,0);\n}\n#text-928579581 > * {\n  color: rgb(0,0,0);\n}\n<\/style>\n\t<\/div>\n\t\n\t\t<\/div>\n\t\t\t\t\t<\/div>\n\n\t\n<\/div>\n<div class=\"row\"  id=\"row-764302184\">\n\n\t<div id=\"col-860652963\" class=\"col small-12 large-12\"  >\n\t\t\t\t<div class=\"col-inner\"  >\n\t\t\t\n\t\t\t\n<div class=\"row\"  id=\"row-1449078616\">\n\n\t<div id=\"col-1450945537\" class=\"col small-12 large-12\"  >\n\t\t\t\t<div class=\"col-inner\"  >\n\t\t\t\n\t\t\t\n\t<div id=\"text-2421128635\" class=\"text\">\n\t\t\n<h2>Question<\/h2>\n\t\t\n<style>\n#text-2421128635 {\n  font-size: 0.95rem;\n  color: #d26e4b;\n}\n#text-2421128635 > * {\n  color: #d26e4b;\n}\n<\/style>\n\t<\/div>\n\t\n\t<div id=\"text-2407732997\" class=\"text\">\n\t\t\n<p>Contactez-nous au<\/h1> <a href=\"https:\/\/hangzhouapeptides.com\/fr\/politique-dexpedition\/\">info@hangzhouapeptides.com<\/a><\/p>\n\t\t\n<style>\n#text-2407732997 {\n  font-size: 0.8rem;\n  color: rgb(0,0,0);\n}\n#text-2407732997 > * {\n  color: rgb(0,0,0);\n}\n<\/style>\n\t<\/div>\n\t\n\t\t<\/div>\n\t\t\t\t\t<\/div>\n\n\t\n<\/div>\n\t\t<\/div>\n\t\t\t\t\t<\/div>\n\n\t\n<\/div>\n<div class=\"row\"  id=\"row-1760223203\">\n\n\t<div id=\"col-964898047\" class=\"col small-12 large-12\"  >\n\t\t\t\t<div class=\"col-inner\"  >\n\t\t\t\n\t\t\t\n<link rel=\"alternate\" hreflang=\"en-us\" href=\"https:\/\/hangzhouapeptides.com\/en-us\/research-peptides\" \/>\n<link rel=\"alternate\" hreflang=\"en-gb\" href=\"https:\/\/hangzhouapeptides.com\/en-gb\/research-peptides\" \/>\n<link rel=\"alternate\" hreflang=\"de\" href=\"https:\/\/hangzhouapeptides.com\/de\/research-peptides\" \/>\n<link rel=\"alternate\" hreflang=\"ar\" href=\"https:\/\/hangzhouapeptides.com\/ar\/research-peptides\" \/>\n<link rel=\"alternate\" hreflang=\"zh\" href=\"https:\/\/hangzhouapeptides.com\/zh\/research-peptides\" \/>\n<link rel=\"alternate\" hreflang=\"x-default\" href=\"https:\/\/hangzhouapeptides.com\/en-us\/research-peptides\" \/>  <!-- fallback --><\/p>\n\t\t<\/div>\n\t\t\t\t\t<\/div>\n\n\t\n<\/div>","protected":false},"excerpt":{"rendered":"","protected":false},"author":1,"featured_media":65,"parent":0,"menu_order":0,"comment_status":"closed","ping_status":"closed","template":"page-blank.php","meta":{"footnotes":""},"class_list":["post-26","page","type-page","status-publish","has-post-thumbnail","hentry"],"jetpack_sharing_enabled":true,"_links":{"self":[{"href":"https:\/\/hangzhouapeptides.com\/fr\/wp-json\/wp\/v2\/pages\/26","targetHints":{"allow":["GET"]}}],"collection":[{"href":"https:\/\/hangzhouapeptides.com\/fr\/wp-json\/wp\/v2\/pages"}],"about":[{"href":"https:\/\/hangzhouapeptides.com\/fr\/wp-json\/wp\/v2\/types\/page"}],"author":[{"embeddable":true,"href":"https:\/\/hangzhouapeptides.com\/fr\/wp-json\/wp\/v2\/users\/1"}],"replies":[{"embeddable":true,"href":"https:\/\/hangzhouapeptides.com\/fr\/wp-json\/wp\/v2\/comments?post=26"}],"version-history":[{"count":25,"href":"https:\/\/hangzhouapeptides.com\/fr\/wp-json\/wp\/v2\/pages\/26\/revisions"}],"predecessor-version":[{"id":816,"href":"https:\/\/hangzhouapeptides.com\/fr\/wp-json\/wp\/v2\/pages\/26\/revisions\/816"}],"wp:featuredmedia":[{"embeddable":true,"href":"https:\/\/hangzhouapeptides.com\/fr\/wp-json\/wp\/v2\/media\/65"}],"wp:attachment":[{"href":"https:\/\/hangzhouapeptides.com\/fr\/wp-json\/wp\/v2\/media?parent=26"}],"curies":[{"name":"wp","href":"https:\/\/api.w.org\/{rel}","templated":true}]}}