{"id":717,"date":"2026-04-18T02:16:27","date_gmt":"2026-04-18T02:16:27","guid":{"rendered":"https:\/\/hangzhouapeptides.com\/?post_type=product&#038;p=717"},"modified":"2026-04-24T18:43:23","modified_gmt":"2026-04-24T18:43:23","slug":"pnc27-peptid-vorteile-dosierung-kaufen","status":"publish","type":"product","link":"https:\/\/hangzhouapeptides.com\/de\/product\/pnc27-peptide-benefits-dosage-buy\/","title":{"rendered":"PNC27 Peptid \u2013 Vorteile, Dosierung und Kauforte"},"content":{"rendered":"<h1 data-section-id=\"nc92iq\" data-start=\"101\" data-end=\"159\"><span role=\"text\"><strong data-start=\"103\" data-end=\"159\">PNC27 Peptid \u2013 Vorteile, Mechanismus und Forschungsleitfaden<\/strong><\/span><\/h1>\n<h2 data-section-id=\"zcdz6z\" data-start=\"161\" data-end=\"190\"><span role=\"text\"><strong data-start=\"164\" data-end=\"190\">Was ist das PNC27-Peptid?<\/strong><\/span><\/h2>\n<p data-start=\"192\" data-end=\"433\">Das <strong data-start=\"196\" data-end=\"213\">pnc27 Peptid<\/strong> ist eine Forschungssubstanz, die wegen ihrer potenziellen Rolle bei der Bek\u00e4mpfung abnormaler Zellen untersucht wird. Sie ist so konzipiert, dass sie mit bestimmten Proteinen auf der Oberfl\u00e4che bestimmter Zellen interagiert, insbesondere mit solchen, die mit unkontrolliertem Wachstum in Verbindung stehen.<\/p>\n<p data-start=\"435\" data-end=\"681\">Im Gegensatz zu vielen traditionellen Verbindungen, die <strong data-start=\"474\" data-end=\"491\">pnc27 Peptid<\/strong> arbeitet auf sehr gezielte Weise. Es konzentriert sich auf die Identifizierung spezifischer Zellmarker, anstatt das gesamte System zu beeinflussen. Deshalb hat es in fortschrittlichen Forschungsumgebungen Aufmerksamkeit erregt.<\/p>\n<p data-start=\"683\" data-end=\"900\">Einfach ausgedr\u00fcckt, <strong data-start=\"700\" data-end=\"717\">pnc27 Peptid<\/strong> wird auf seine F\u00e4higkeit hin untersucht, problematische Zellen zu erkennen und darauf zu reagieren, w\u00e4hrend gesunde Zellen weniger beeintr\u00e4chtigt werden. Das unterscheidet es von vielen allgemeinen Behandlungsans\u00e4tzen.<\/p>\n<h2 data-section-id=\"1gv81bc\" data-start=\"907\" data-end=\"949\"><span role=\"text\"><strong data-start=\"910\" data-end=\"949\">Wie das PNC27-Peptid im K\u00f6rper wirkt<\/strong><\/span><\/h2>\n<p data-start=\"951\" data-end=\"1183\">Das <strong data-start=\"955\" data-end=\"972\">pnc27 Peptid<\/strong> bindet an ein Protein namens HDM-2, das oft in h\u00f6heren Mengen auf bestimmten abnormalen Zellen vorkommt. Sobald es an dieses Protein bindet, kann es Poren in der Zellmembran bilden, was zum Zellabbau f\u00fchrt.<\/p>\n<p data-start=\"1185\" data-end=\"1389\">Dieser Mechanismus ist sehr spezifisch. Anstatt alle Zellen zu sch\u00e4digen, <strong data-start=\"1253\" data-end=\"1270\">pnc27 Peptid<\/strong> zielt auf diejenigen mit dem HDM-2-Marker ab. Deshalb betrachten Forscher es als eine vielversprechende Verbindung f\u00fcr eine selektive Zielbek\u00e4mpfung.<\/p>\n<p data-start=\"1391\" data-end=\"1568\">Laut Studien, die im Index erfasst sind<a href=\"https:\/\/www.ncbi.nlm.nih.gov\/pmc\/articles\/PMC5527164\/\" target=\"_blank\" rel=\"noopener\"> Nationales Zentrum f\u00fcr Biotechnologie-Informationen<\/a>n, PNC-27 hat gezeigt, dass es in der Lage ist, den Zelltod in Zielzellen zu induzieren, w\u00e4hrend normale Zellen verschont bleiben.<\/p>\n<p data-start=\"1628\" data-end=\"1731\">Weitere wissenschaftliche Daten k\u00f6nnen ebenfalls erkundet werden auf <a href=\"https:\/\/pubmed.ncbi.nlm.nih.gov\/?term=PNC-27\" target=\"_blank\" rel=\"noopener\">Klinische Forschung zu PNC27-Peptid hier<\/a>:<\/p>\n<h2 data-section-id=\"ca9pmo\" data-start=\"1738\" data-end=\"1767\"><span role=\"text\"><strong data-start=\"1741\" data-end=\"1767\">PNC27 Peptid Vorteile<\/strong><\/span><\/h2>\n<p data-start=\"1769\" data-end=\"1894\">Wenn Leute suchen nach <strong data-start=\"1792\" data-end=\"1818\">Vorteile des pnc27 Peptids<\/strong>, sie sind in der Regel an seiner gezielten Wirkung und seinem Forschungspotenzial interessiert.<\/p>\n<p data-start=\"1896\" data-end=\"1937\">Zu den h\u00e4ufig diskutierten Vorteilen geh\u00f6ren:<\/p>\n<ul data-start=\"1939\" data-end=\"2126\">\n<li data-section-id=\"1qq90xz\" data-start=\"1939\" data-end=\"1980\">Selektive Zielerfassung anomaler Zellen<\/li>\n<li data-section-id=\"w51lcd\" data-start=\"1981\" data-end=\"2016\">Minimale Auswirkung auf gesunde Zellen<\/li>\n<li data-section-id=\"kucjyp\" data-start=\"2017\" data-end=\"2071\">Einzigartiger Mechanismus im Vergleich zu herk\u00f6mmlichen Verbindungen<\/li>\n<li data-section-id=\"1stj823\" data-start=\"2072\" data-end=\"2126\">Potenzielle Anwendung in fortgeschrittenen Forschungsstudien<\/li>\n<\/ul>\n<p data-start=\"2128\" data-end=\"2331\">Der wichtigste Aspekt der <strong data-start=\"2161\" data-end=\"2178\">pnc27 Peptid<\/strong> ist seine Pr\u00e4zision. Anstatt breit zu agieren, konzentriert es sich auf spezifische Marker. Dies macht es zu einem starken Kandidaten in der Forschung im Zusammenhang mit zielgerichteten Therapien.<\/p>\n<p data-start=\"2333\" data-end=\"2491\">Wenn Sie andere Peptide mit unterschiedlichen Funktionen erforschen, k\u00f6nnen Sie auch Optionen pr\u00fcfen, die in unserem Peptid verf\u00fcgbar sind <a href=\"https:\/\/hangzhouapeptides.com\/de\/geschaft\/\">Gesch\u00e4ft<\/a><\/p>\n<h2 data-section-id=\"1w6in80\" data-start=\"2498\" data-end=\"2545\"><span role=\"text\"><strong data-start=\"2501\" data-end=\"2545\">PNC27 Peptid Dosierung (nur f\u00fcr Forschungszwecke)<\/strong><\/span><\/h2>\n<p data-start=\"2547\" data-end=\"2744\">Verst\u00e4ndnis <strong data-start=\"2561\" data-end=\"2585\">PNC27 Peptid-Dosierung<\/strong> ist wichtig, muss aber sorgf\u00e4ltig gehandhabt werden. Diese Verbindung wird strikt als <strong data-start=\"2673\" data-end=\"2693\">Peptidforschung<\/strong>, und es gibt keine universelle Dosierung f\u00fcr den allgemeinen Gebrauch.<\/p>\n<p data-start=\"2746\" data-end=\"2786\">In Forschungsumgebungen h\u00e4ngt die Dosierung ab von:<\/p>\n<ul data-start=\"2788\" data-end=\"2870\">\n<li data-section-id=\"c6d5e8\" data-start=\"2788\" data-end=\"2816\">Der Zweck der Studie<\/li>\n<li data-section-id=\"1u3llxz\" data-start=\"2817\" data-end=\"2841\">Zelltyp oder Thema<\/li>\n<li data-section-id=\"cu9qz4\" data-start=\"2842\" data-end=\"2870\">Verabreichungsart<\/li>\n<\/ul>\n<p data-start=\"2872\" data-end=\"3026\">Wegen dieser Faktoren, <strong data-start=\"2898\" data-end=\"2922\">PNC27 Peptid-Dosierung<\/strong> variiert stark. Es wird immer empfohlen, strukturierten Forschungsprotokollen und fachlicher Betreuung zu folgen.<\/p>\n<p data-start=\"3028\" data-end=\"3164\">Versuchen Sie niemals, die Dosierung ohne entsprechendes Wissen abzusch\u00e4tzen. Kontrollierte Umgebungen sind unerl\u00e4sslich, wenn Sie mit Peptiden wie PNC-27 arbeiten.<\/p>\n<h2 data-section-id=\"5j90jv\" data-start=\"3171\" data-end=\"3222\"><span role=\"text\"><strong data-start=\"3174\" data-end=\"3222\">PNC27 Peptid und verwandte Forschungschemikalien<\/strong><\/span><\/h2>\n<p data-start=\"3224\" data-end=\"3416\">Das <strong data-start=\"3228\" data-end=\"3245\">pnc27 Peptid<\/strong> wird oft zusammen mit anderen Verbindungen untersucht, um seine Rolle und seine Auswirkungen besser zu verstehen. Die Kombination von Forschungserkenntnissen hilft, ein vollst\u00e4ndiges Bild der Peptidfunktionalit\u00e4t zu erstellen.<\/p>\n<p data-start=\"3418\" data-end=\"3439\">Sie k\u00f6nnen auch erkunden:<\/p>\n<ul data-start=\"3441\" data-end=\"3566\">\n<li data-section-id=\"1hh4c2b\" data-start=\"3441\" data-end=\"3482\">TA1 Peptid zur Unterst\u00fctzung des Immunsystems<\/li>\n<li data-section-id=\"1cyjoot\" data-start=\"3483\" data-end=\"3524\">IL37-Peptid zur Entz\u00fcndungskontrolle<\/li>\n<li data-section-id=\"1ew1pzw\" data-start=\"3525\" data-end=\"3566\">CJC-1295 f\u00fcr hormonbezogene Forschung<\/li>\n<\/ul>\n<p data-start=\"3568\" data-end=\"3707\">Diese Verbindungen erf\u00fcllen unterschiedliche Rollen, und die Verkn\u00fcpfung miteinander auf Ihrer Website verbessert sowohl das Verst\u00e4ndnis der Nutzer als auch die SEO-Leistung.<\/p>\n<p data-start=\"3709\" data-end=\"3797\">Um alle verf\u00fcgbaren Forschungspetide anzusehen,<a href=\"https:\/\/hangzhouapeptides.com\/de\/geschaft\/\">Besuch<\/a><\/p>\n<h2 data-section-id=\"10xvhjw\" data-start=\"3804\" data-end=\"3837\"><span role=\"text\"><strong data-start=\"3807\" data-end=\"3837\">Wo kann man das PNC27-Peptid kaufen<\/strong><\/span><\/h2>\n<p data-start=\"3839\" data-end=\"4003\">Wenn Sie suchen nach <strong data-start=\"3864\" data-end=\"3894\">Wo kann ich das PNC27-Peptid kaufen<\/strong>, ist es wichtig, einen zuverl\u00e4ssigen und vertrauensw\u00fcrdigen Lieferanten zu w\u00e4hlen. Qualit\u00e4t spielt eine gro\u00dfe Rolle f\u00fcr die Genauigkeit der Forschung.<\/p>\n<p data-start=\"4005\" data-end=\"4040\">Bei der Wahl eines Lieferanten beachten Sie:<\/p>\n<ul data-start=\"4042\" data-end=\"4171\">\n<li data-section-id=\"1ger1dy\" data-start=\"4042\" data-end=\"4073\">Hohe Reinheitsgrade (98\u201399%)<\/li>\n<li data-section-id=\"9jregs\" data-start=\"4074\" data-end=\"4113\">Verifizierte Labortests (HPLC-Berichte)<\/li>\n<li data-section-id=\"19bhmwm\" data-start=\"4114\" data-end=\"4138\">Transparente Beschaffung<\/li>\n<li data-section-id=\"10mkb7h\" data-start=\"4139\" data-end=\"4171\">Sicherer und diskreter Versand<\/li>\n<\/ul>\n<p data-start=\"4173\" data-end=\"4304\">Peptide von geringer Qualit\u00e4t k\u00f6nnen Ergebnisse und Zuverl\u00e4ssigkeit beeintr\u00e4chtigen. W\u00e4hlen Sie immer einen Lieferanten, der vollst\u00e4ndige Dokumentation und Konsistenz bietet.<\/p>\n<p data-start=\"4306\" data-end=\"4393\">Sie k\u00f6nnen verf\u00fcgbare Optionen erkunden<a href=\"https:\/\/hangzhouapeptides.com\/de\/geschaft\/\">\u00a0direkt hier<\/a><\/p>\n<h2 data-section-id=\"1lsmb2o\" data-start=\"4400\" data-end=\"4429\"><span role=\"text\"><strong data-start=\"4403\" data-end=\"4429\">PNC27 Peptid hier kaufen<\/strong><\/span><\/h2>\n<p data-start=\"4431\" data-end=\"4564\">Wenn Sie bereit sind, fortzufahren, k\u00f6nnen Sie <strong data-start=\"4468\" data-end=\"4533\"><a class=\"decorated-link\" href=\"https:\/\/hangzhouapeptides.com\/de\/geschaft\/\" target=\"_new\" rel=\"noopener\" data-start=\"4470\" data-end=\"4531\">Kaufen Sie pnc27 Peptid hier<\/a><\/strong> aus unserem vertrauensw\u00fcrdigen Peptid-Shop.<\/p>\n<p data-start=\"4566\" data-end=\"4586\">Unsere Plattform bietet:<\/p>\n<ul data-start=\"4587\" data-end=\"4686\">\n<li data-section-id=\"1hxrv2g\" data-start=\"4587\" data-end=\"4622\">Peptidprodukte in Forschungsqualit\u00e4t<\/li>\n<li data-section-id=\"15rueln\" data-start=\"4623\" data-end=\"4653\">Gepr\u00fcfte Qualit\u00e4tsstandards<\/li>\n<li data-section-id=\"1fdmhec\" data-start=\"4654\" data-end=\"4686\">Zuverl\u00e4ssige Versorgung und Lieferung<\/li>\n<\/ul>\n<p data-start=\"4688\" data-end=\"4752\">Besuche die <a href=\"https:\/\/hangzhouapeptides.com\/de\/geschaft\/\">Jetzt einkaufen<\/a><\/p>\n<p data-start=\"4754\" data-end=\"4831\">Die Wahl der richtigen Quelle sorgt f\u00fcr bessere Forschungsergebnisse und Seelenfrieden.<\/p>\n<h2 data-section-id=\"zszoiw\" data-start=\"555\" data-end=\"597\"><span role=\"text\"><strong data-start=\"558\" data-end=\"597\">Mehr aus wissenschaftlicher Forschung lernen<\/strong><\/span><\/h2>\n<p data-start=\"599\" data-end=\"701\">um zu verstehen <strong data-start=\"617\" data-end=\"634\">pnc27 Peptid<\/strong> Im Detail ist es am besten, sich auf vertrauensw\u00fcrdige wissenschaftliche Studien zu beziehen.<\/p>\n<p data-start=\"703\" data-end=\"975\">Forschungsergebnisse haben gezeigt, dass PNC-27 gezielt abnormale Zellen angreifen kann, w\u00e4hrend gesunde Zellen weniger beeintr\u00e4chtigt werden. Dieser Mechanismus wird in einem <strong data-start=\"848\" data-end=\"895\"><a href=\"https:\/\/www.ncbi.nlm.nih.gov\/pmc\/articles\/PMC5527164\/\" target=\"_blank\" rel=\"noopener\">ver\u00f6ffentlichte wissenschaftliche Studie<\/a> auf PNC27 Peptid<\/strong><\/p>\n<p data-start=\"977\" data-end=\"1214\">Sie k\u00f6nnen auch zus\u00e4tzliche Erkundungen unternehmen <strong data-start=\"1009\" data-end=\"1056\"><a href=\"https:\/\/pubmed.ncbi.nlm.nih.gov\/?term=PNC-27\" target=\"_blank\" rel=\"noopener\">Klinische Forschung zu PNC27<\/a> Peptid<\/strong> \u00fcber PubMed, wo mehrere Studien seinen Mechanismus und seine Forschungsvorteile diskutieren<\/p>\n<p data-start=\"1216\" data-end=\"1316\">Diese Ressourcen bieten tiefere Einblicke in die Wirkungsweise des Peptids und warum es heute erforscht wird.<\/p>\n<h2 data-section-id=\"1636m3r\" data-start=\"5267\" data-end=\"5305\"><span role=\"text\"><strong data-start=\"5270\" data-end=\"5305\">Abschlie\u00dfende Gedanken zum PNC27-Peptid<\/strong><\/span><\/h2>\n<p data-start=\"5307\" data-end=\"5457\">Das <strong data-start=\"5311\" data-end=\"5328\">pnc27 Peptid<\/strong> ist eine m\u00e4chtige und einzigartige Verbindung in der Forschung. Seine F\u00e4higkeit, spezifische Zellen anzusteuern, hebt es von vielen anderen Peptiden ab.<\/p>\n<p data-start=\"5459\" data-end=\"5705\">Aus Verst\u00e4ndnis <strong data-start=\"5478\" data-end=\"5504\">Vorteile des pnc27 Peptids<\/strong> zu erkunden <strong data-start=\"5518\" data-end=\"5542\">PNC27 Peptid-Dosierung<\/strong>, Es ist klar, dass diese Verbindung gro\u00dfes Potenzial in wissenschaftlichen Studien birgt. Sie sollte jedoch stets verantwortungsvoll und im Rahmen ordnungsgem\u00e4\u00dfer Forschungsrichtlinien eingesetzt werden.<\/p>\n<p data-start=\"5707\" data-end=\"5826\">Wenn Sie dieses Peptid weiter erforschen m\u00f6chten, k\u00f6nnen Sie Folgendes besuchen <a href=\"https:\/\/hangzhouapeptides.com\/de\/geschaft\/\">Hier einkaufen<\/a><\/p>","protected":false},"excerpt":{"rendered":"<p data-start=\"6249\" data-end=\"6397\">Das PNC27-Peptid ist eine Forschungschemikalie, die f\u00fcr gezielte Zellinteraktionen untersucht wird. Entdecken Sie in unserem Shop hochqualitative Forschungspetide mit gepr\u00fcfter Reinheit.<\/p>","protected":false},"featured_media":719,"comment_status":"open","ping_status":"closed","template":"","meta":[],"product_brand":[],"product_cat":[571],"product_tag":[530,526,527,528,529],"class_list":{"0":"post-717","1":"product","2":"type-product","3":"status-publish","4":"has-post-thumbnail","6":"product_cat-other-peptides","7":"product_tag-buy-pnc27-peptide","8":"product_tag-pnc27-peptide","9":"product_tag-pnc27-peptide-benefits","10":"product_tag-pnc27-peptide-dosage","11":"product_tag-where-to-buy-pnc27-peptide","13":"first","14":"instock","15":"shipping-taxable","16":"purchasable","17":"product-type-variable"},"jetpack_sharing_enabled":true,"_links":{"self":[{"href":"https:\/\/hangzhouapeptides.com\/de\/wp-json\/wp\/v2\/product\/717","targetHints":{"allow":["GET"]}}],"collection":[{"href":"https:\/\/hangzhouapeptides.com\/de\/wp-json\/wp\/v2\/product"}],"about":[{"href":"https:\/\/hangzhouapeptides.com\/de\/wp-json\/wp\/v2\/types\/product"}],"replies":[{"embeddable":true,"href":"https:\/\/hangzhouapeptides.com\/de\/wp-json\/wp\/v2\/comments?post=717"}],"wp:featuredmedia":[{"embeddable":true,"href":"https:\/\/hangzhouapeptides.com\/de\/wp-json\/wp\/v2\/media\/719"}],"wp:attachment":[{"href":"https:\/\/hangzhouapeptides.com\/de\/wp-json\/wp\/v2\/media?parent=717"}],"wp:term":[{"taxonomy":"product_brand","embeddable":true,"href":"https:\/\/hangzhouapeptides.com\/de\/wp-json\/wp\/v2\/product_brand?post=717"},{"taxonomy":"product_cat","embeddable":true,"href":"https:\/\/hangzhouapeptides.com\/de\/wp-json\/wp\/v2\/product_cat?post=717"},{"taxonomy":"product_tag","embeddable":true,"href":"https:\/\/hangzhouapeptides.com\/de\/wp-json\/wp\/v2\/product_tag?post=717"}],"curies":[{"name":"wp","href":"https:\/\/api.w.org\/{rel}","templated":true}]}}