{"id":745,"date":"2026-04-22T07:52:38","date_gmt":"2026-04-22T07:52:38","guid":{"rendered":"https:\/\/hangzhouapeptides.com\/?page_id=745"},"modified":"2026-04-23T02:57:26","modified_gmt":"2026-04-23T02:57:26","slug":"produktkatalog","status":"publish","type":"page","link":"https:\/\/hangzhouapeptides.com\/de\/product-catalog\/","title":{"rendered":"Produktkatalog"},"content":{"rendered":"<div class=\"img has-hover x md-x lg-x y md-y lg-y\" id=\"image_1596425708\">\n\t\t\t\t\t\t\t\t<div class=\"img-inner dark\" >\n\t\t\t<img loading=\"lazy\" decoding=\"async\" width=\"300\" height=\"240\" src=\"https:\/\/hangzhouapeptides.com\/wp-content\/uploads\/2026\/04\/Product-Catalog-Hangzhou-A-peptides-300x240.png\" class=\"attachment-medium size-medium\" alt=\"\" srcset=\"https:\/\/hangzhouapeptides.com\/wp-content\/uploads\/2026\/04\/Product-Catalog-Hangzhou-A-peptides-300x240.png 300w, https:\/\/hangzhouapeptides.com\/wp-content\/uploads\/2026\/04\/Product-Catalog-Hangzhou-A-peptides-1024x819.png 1024w, https:\/\/hangzhouapeptides.com\/wp-content\/uploads\/2026\/04\/Product-Catalog-Hangzhou-A-peptides-768x615.png 768w, https:\/\/hangzhouapeptides.com\/wp-content\/uploads\/2026\/04\/Product-Catalog-Hangzhou-A-peptides-15x12.png 15w, https:\/\/hangzhouapeptides.com\/wp-content\/uploads\/2026\/04\/Product-Catalog-Hangzhou-A-peptides-600x480.png 600w, https:\/\/hangzhouapeptides.com\/wp-content\/uploads\/2026\/04\/Product-Catalog-Hangzhou-A-peptides.png 1402w\" sizes=\"auto, (max-width: 300px) 100vw, 300px\" \/>\t\t\t\t\t\t\n\t\t\t\t\t<\/div>\n\t\t\t\t\t\t\t\t\n<style>\n#image_1596425708 {\n  width: 100%;\n}\n<\/style>\n\t<\/div>\n\t\n\t<div id=\"text-2880711974\" class=\"text\">\n\t\t\n<p>Entdecken Sie unser gesamtes Sortiment an verf\u00fcgbaren Produkten.<\/p>\n<p>Laden Sie unseren neuesten Katalog herunter, um detaillierte Informationen zu verf\u00fcgbaren Artikeln, Spezifikationen und Preisen zu erhalten.<\/p>\n\t\t\n<style>\n#text-2880711974 {\n  font-size: 1.25rem;\n  color: #d26e4b;\n}\n#text-2880711974 > * {\n  color: #d26e4b;\n}\n<\/style>\n\t<\/div>\n\t\n<a href=\"https:\/\/hangzhouapeptides.com\/wp-content\/uploads\/2026\/04\/\ud83d\udc49-Hangzhou-A-Peptides-Product-Catalog-2026-1.pdf\" class=\"button primary\"  style=\"border-radius:99px;\">\n    <span>Gesamter Gro\u00dfbestellkatalog f\u00fcr Produkte<\/span>\n  <\/a>\n\n<a href=\"https:\/\/hangzhouapeptides.com\/wp-content\/uploads\/2026\/04\/Hangzhou_Apeptides_FULL_COMPLETE_Catalog.pdf\" class=\"button primary\"  style=\"border-radius:99px;\">\n    <span>Vollst\u00e4ndiger Test-Einzelhandelsbestellungs-Produktkatalog<\/span>\n  <\/a>\n\n<div class=\"row\"  id=\"row-574399793\">\n\n\t<div id=\"col-833859194\" class=\"col small-12 large-12\"  >\n\t\t\t\t<div class=\"col-inner\"  >\n\t\t\t\n\t\t\t\n\t<div id=\"text-3692007530\" class=\"text\">\n\t\t\n<h2>Muster von Analysenzertifikaten (COAs)<\/h2>\n\t\t\n<style>\n#text-3692007530 {\n  color: #d26e4b;\n}\n#text-3692007530 > * {\n  color: #d26e4b;\n}\n<\/style>\n\t<\/div>\n\t\n<div class=\"row\"  id=\"row-504899232\">\n\n\t<div id=\"col-1488110908\" class=\"col small-12 large-12\"  >\n\t\t\t\t<div class=\"col-inner\"  >\n\t\t\t\n\t\t\t\n<h3>Analysenzertifikat (AZ) Richtlinie<\/h3>\n<p>Um die Integrit\u00e4t unserer Produkte zu wahren und vor unbefugter Vervielf\u00e4ltigung oder missbr\u00e4uchlicher Verwendung sensibler Laborunterlagen zu sch\u00fctzen, ver\u00f6ffentlichen wir nicht alle Analysenzertifikate (COAs) \u00f6ffentlich auf unserer Website.<\/p>\n<p>Ausgew\u00e4hlte Muster-COAs werden zur Transparenz und zur Demonstration unserer Qualit\u00e4tsstandards bereitgestellt.<br \/>Vollst\u00e4ndige chargenspezifische Analysenzertifikate, Chromatogramme und Verifizierungsdokumente sind auf Anfrage f\u00fcr verifizierte Kunden und best\u00e4tigte Bestellungen erh\u00e4ltlich.<\/p>\n<p>Dieser Ansatz hilft, Dokumentenmanipulation, betr\u00fcgerische Duplizierung und Missbrauch durch Unbefugte zu verhindern und stellt gleichzeitig sicher, dass berechtigte Kunden vollst\u00e4ndige und genaue Qualit\u00e4tsdokumentationen erhalten.<\/p>\n<p>F\u00fcr den vollen Zugriff auf das Analysenzertifikat (COA) kontaktieren Sie bitte unser Support-Team oder fordern Sie die Dokumente w\u00e4hrend des Bestellvorgangs an.<\/p>\n\t\t<\/div>\n\t\t\t\t\t<\/div>\n\n\t\n<\/div>\n\t\t<\/div>\n\t\t\t\t\t<\/div>\n\n\t\n<\/div>\n<div class=\"row\"  id=\"row-790573978\">\n\n\t<div id=\"col-1393651384\" class=\"col medium-4 small-12 large-4\"  >\n\t\t\t\t<div class=\"col-inner\"  >\n\t\t\t\n\t\t\t\n\t<div class=\"img has-hover x md-x lg-x y md-y lg-y\" id=\"image_1558095659\">\n\t\t<a class=\"\" href=\"https:\/\/hangzhouapeptides.com\/wp-content\/uploads\/2026\/04\/FF0D8FB0-909A-42AF-A324-00598756308B.png\" >\t\t\t\t\t\t<div class=\"img-inner dark\" >\n\t\t\t<img loading=\"lazy\" decoding=\"async\" width=\"724\" height=\"1024\" src=\"https:\/\/hangzhouapeptides.com\/wp-content\/uploads\/2026\/04\/Hangzhou_COA_MT2-1-pdf-724x1024.jpg\" class=\"attachment-large size-large\" alt=\"\" \/>\t\t\t\t\t\t\n\t\t\t\t\t<\/div>\n\t\t\t\t\t\t<\/a>\t\t\n<style>\n#image_1558095659 {\n  width: 100%;\n}\n<\/style>\n\t<\/div>\n\t\n<a href=\"https:\/\/hangzhouapeptides.com\/wp-content\/uploads\/2026\/04\/Hangzhou_COA_MT2.pdf\" class=\"button primary\"  style=\"border-radius:99px;\">\n    <span>Download_HANGZHOU-COA_MT2.pdf<\/span>\n  <\/a>\n\n\t\t<\/div>\n\t\t\t\t\t<\/div>\n\n\t\n\n\t<div id=\"col-184951831\" class=\"col medium-4 small-12 large-4\"  >\n\t\t\t\t<div class=\"col-inner\"  >\n\t\t\t\n\t\t\t\n\t<div class=\"img has-hover x md-x lg-x y md-y lg-y\" id=\"image_1347845099\">\n\t\t<a class=\"\" href=\"https:\/\/hangzhouapeptides.com\/wp-content\/uploads\/2026\/04\/Hangzhou_COA_MOTSC.pdf\" >\t\t\t\t\t\t<div class=\"img-inner dark\" >\n\t\t\t<img loading=\"lazy\" decoding=\"async\" width=\"724\" height=\"1024\" src=\"https:\/\/hangzhouapeptides.com\/wp-content\/uploads\/2026\/04\/Hangzhou_COA_MOTSC-1-pdf-724x1024.jpg\" class=\"attachment-large size-large\" alt=\"\" \/>\t\t\t\t\t\t\n\t\t\t\t\t<\/div>\n\t\t\t\t\t\t<\/a>\t\t\n<style>\n#image_1347845099 {\n  width: 100%;\n}\n<\/style>\n\t<\/div>\n\t\n<a href=\"https:\/\/hangzhouapeptides.com\/wp-content\/uploads\/2026\/04\/Hangzhou_COA_MOTSC.pdf\" class=\"button primary\"  style=\"border-radius:99px;\">\n    <span>Herunterladen Hangzhou_COA_MOTSC.pdf<\/span>\n  <\/a>\n\n\t\t<\/div>\n\t\t\t\t\t<\/div>\n\n\t\n<\/div>\n<p>\nExplore this product above or <a href=\"\/de\/geschaft\/\">browse all available products in our shop<\/a>.<\/p>","protected":false},"excerpt":{"rendered":"<p>Explore this product above or browse all available products in our shop.<\/p>","protected":false},"author":1,"featured_media":0,"parent":0,"menu_order":0,"comment_status":"closed","ping_status":"closed","template":"","meta":{"footnotes":""},"class_list":["post-745","page","type-page","status-publish","hentry"],"jetpack_sharing_enabled":true,"_links":{"self":[{"href":"https:\/\/hangzhouapeptides.com\/de\/wp-json\/wp\/v2\/pages\/745","targetHints":{"allow":["GET"]}}],"collection":[{"href":"https:\/\/hangzhouapeptides.com\/de\/wp-json\/wp\/v2\/pages"}],"about":[{"href":"https:\/\/hangzhouapeptides.com\/de\/wp-json\/wp\/v2\/types\/page"}],"author":[{"embeddable":true,"href":"https:\/\/hangzhouapeptides.com\/de\/wp-json\/wp\/v2\/users\/1"}],"replies":[{"embeddable":true,"href":"https:\/\/hangzhouapeptides.com\/de\/wp-json\/wp\/v2\/comments?post=745"}],"version-history":[{"count":12,"href":"https:\/\/hangzhouapeptides.com\/de\/wp-json\/wp\/v2\/pages\/745\/revisions"}],"predecessor-version":[{"id":811,"href":"https:\/\/hangzhouapeptides.com\/de\/wp-json\/wp\/v2\/pages\/745\/revisions\/811"}],"wp:attachment":[{"href":"https:\/\/hangzhouapeptides.com\/de\/wp-json\/wp\/v2\/media?parent=745"}],"curies":[{"name":"wp","href":"https:\/\/api.w.org\/{rel}","templated":true}]}}