{"id":26,"date":"2026-01-18T23:39:46","date_gmt":"2026-01-18T23:39:46","guid":{"rendered":"https:\/\/hangzhouapeptides.com\/?page_id=26"},"modified":"2026-04-24T05:13:53","modified_gmt":"2026-04-24T05:13:53","slug":"versandrichtlinie","status":"publish","type":"page","link":"https:\/\/hangzhouapeptides.com\/de\/shipping-policy\/","title":{"rendered":"Versandrichtlinien"},"content":{"rendered":"<section class=\"section dark\" id=\"section_94581879\">\n\t\t<div class=\"bg section-bg fill bg-fill\" >\n\n\t\t\t\n\t\t\t<div class=\"section-bg-overlay absolute fill\"><\/div><div class=\"effect-sparkle bg-effect fill no-click\"><\/div>\n\t\t\t\n\n\t\t<\/div>\n\n\t\t\n\n\t\t<div class=\"section-content relative\">\n\t\t\t\n<div class=\"row align-center\"  id=\"row-1222229077\">\n\n\t<div id=\"col-51116756\" class=\"col medium-12 small-12 large-9\"  >\n\t\t\t\t<div class=\"col-inner text-center\"  >\n\t\t\t\n\t<div class=\"is-border\"\n\t\tstyle=\"border-color:rgb(255, 255, 255);border-width:4px 4px 4px 4px;\">\n\t<\/div>\n\t\t\t\n\t<div id=\"text-3600479874\" class=\"text\">\n\t\t\n<h6>Weltweites Versandnetzwerk<\/h6>\n\t\t\n<style>\n#text-3600479874 {\n  font-size: 2.5rem;\n  line-height: 1;\n}\n@media (min-width:550px) {\n  #text-3600479874 {\n    font-size: 4rem;\n    line-height: 0.75;\n  }\n}\n<\/style>\n\t<\/div>\n\t\n\t<div id=\"text-1780794296\" class=\"text\">\n\t\t\n<h3 class=\"uppercase\">Schnelle Verarbeitung, sichere Verpackung und globale Lieferung<\/h3>\n\t\t\n<style>\n#text-1780794296 {\n  font-size: 1rem;\n  line-height: 0.75;\n}\n<\/style>\n\t<\/div>\n\t\n\t\t<\/div>\n\t\t\t\t\n<style>\n#col-51116756 > .col-inner {\n  padding: 10% 10% 10% 10%;\n}\n<\/style>\n\t<\/div>\n\n\t\n<\/div>\n\t\t<\/div>\n\n\t\t\n<style>\n#section_94581879 {\n  padding-top: 30px;\n  padding-bottom: 30px;\n  min-height: 400px;\n  background-color: rgb(255,255,255);\n}\n#section_94581879 .section-bg-overlay {\n  background-color: rgba(14, 0, 0, 0.43);\n}\n#section_94581879 .section-bg.bg-loaded {\n  background-image: url(https:\/\/hangzhouapeptides.com\/wp-content\/uploads\/2026\/01\/shipping.jpg);\n}\n#section_94581879 .section-bg {\n  background-position: 30% 59%;\n}\n@media (min-width:550px) {\n  #section_94581879 {\n    min-height: 600px;\n  }\n}\n@media (min-width:850px) {\n  #section_94581879 {\n    min-height: 700px;\n  }\n}\n<\/style>\n\t<\/section>\n\t\n\t<div id=\"text-2189871347\" class=\"text\">\n\t\t\n<h1 style=\"text-align: center;\">Versandrichtlinien<\/h1>\n\t\t\n<style>\n#text-2189871347 {\n  color: #d26e4b;\n}\n#text-2189871347 > * {\n  color: #d26e4b;\n}\n<\/style>\n\t<\/div>\n\t\n<div class=\"row\"  id=\"row-77101725\">\n\n\t<div id=\"col-1535854144\" class=\"col medium-4 small-12 large-4\"  >\n\t\t\t\t<div class=\"col-inner\"  >\n\t\t\t\n\t\t\t\n\t<div id=\"text-2068820044\" class=\"text\">\n\t\t\n<h2>Versandinformationen<\/h2>\n\t\t\n<style>\n#text-2068820044 {\n  font-size: 0.75rem;\n  color: #d26e4b;\n}\n#text-2068820044 > * {\n  color: #d26e4b;\n}\n<\/style>\n\t<\/div>\n\t\n\t<div id=\"text-754616063\" class=\"text\">\n\t\t\n<p data-start=\"408\" data-end=\"692\">Bei <a href=\"https:\/\/hangzhouapeptides.com\/de\/versandrichtlinie\/\">Hangzhouapeptides.com<\/a>, verpflichten wir uns, sicherzustellen, dass alle Forschungsprodukte sicher verpackt und effizient versendet werden. Diese Versandrichtlinien beschreiben unsere Bearbeitungszeiten, Versandmethoden, Lieferzeiten und wichtige Hinweise zu internationalen Sendungen.<\/p>\n<p data-start=\"694\" data-end=\"791\">Alle auf dieser Website verkauften Produkte sind bestimmt <strong data-start=\"741\" data-end=\"790\">nur f\u00fcr Forschungs- und Laborzwecke<\/strong>.<\/p>\n\t\t\n<style>\n#text-754616063 {\n  font-size: 0.75rem;\n  color: rgb(0,0,0);\n}\n#text-754616063 > * {\n  color: rgb(0,0,0);\n}\n<\/style>\n\t<\/div>\n\t\n\t\t<\/div>\n\t\t\t\t\t<\/div>\n\n\t\n\n\t<div id=\"col-846879044\" class=\"col medium-4 small-12 large-4\"  >\n\t\t\t\t<div class=\"col-inner\"  >\n\t\t\t\n\t\t\t\n\t<div id=\"text-343953899\" class=\"text\">\n\t\t\n<h2>Sendungsverfolgungsinformationen<\/h2>\n\t\t\n<style>\n#text-343953899 {\n  font-size: 0.75rem;\n  color: #d26e4b;\n}\n#text-343953899 > * {\n  color: #d26e4b;\n}\n<\/style>\n\t<\/div>\n\t\n\t<div id=\"text-3089137755\" class=\"text\">\n\t\t\n<p data-start=\"3069\" data-end=\"3114\">Tracking-Nummern werden, sobald verf\u00fcgbar, bereitgestellt.<\/p>\n<p data-start=\"3117\" data-end=\"3172\">Sendungsverfolgungsaktualisierungen sind vom Kurierdienst und dem Bestimmungsort abh\u00e4ngig.<\/p>\n<p data-start=\"3175\" data-end=\"3267\">Bis zu <strong data-start=\"3194\" data-end=\"3209\">24\u201348 Stunden<\/strong> damit die Tracking-Informationen nach dem Versand aktiv werden.<\/p>\n\t\t\n<style>\n#text-3089137755 {\n  font-size: 0.75rem;\n  color: rgb(0, 0, 0);\n}\n#text-3089137755 > * {\n  color: rgb(0, 0, 0);\n}\n<\/style>\n\t<\/div>\n\t\n\t\t<\/div>\n\t\t\t\t\t<\/div>\n\n\t\n\n\t<div id=\"col-1609764321\" class=\"col medium-4 small-12 large-4\"  >\n\t\t\t\t<div class=\"col-inner\"  >\n\t\t\t\n\t\t\t\n\t<div id=\"text-2071281901\" class=\"text\">\n\t\t\n<h2>Verpackung &amp; Diskretion<\/h2>\n\t\t\n<style>\n#text-2071281901 {\n  font-size: 0.75rem;\n  color: #d26e4b;\n}\n#text-2071281901 > * {\n  color: #d26e4b;\n}\n<\/style>\n\t<\/div>\n\t\n<div class=\"row\"  id=\"row-253333315\">\n\n\t<div id=\"col-1679421531\" class=\"col small-12 large-12\"  >\n\t\t\t\t<div class=\"col-inner\"  >\n\t\t\t\n\t\t\t\n\t<div id=\"text-3390925777\" class=\"text\">\n\t\t\n<ul>\n<li data-start=\"2835\" data-end=\"2900\">\n<p data-start=\"2837\" data-end=\"2900\">Alle Bestellungen werden sicher verpackt, um die Produktintegrit\u00e4t zu wahren.<\/p>\n<\/li>\n<li data-start=\"2901\" data-end=\"2958\">\n<p data-start=\"2903\" data-end=\"2958\">Diskrete Verpackung wird zum Schutz der Privatsph\u00e4re des Kunden verwendet.<\/p>\n<\/li>\n<\/ul>\n\t\t\n<style>\n#text-3390925777 {\n  font-size: 0.75rem;\n  color: rgb(0,0,0);\n}\n#text-3390925777 > * {\n  color: rgb(0,0,0);\n}\n<\/style>\n\t<\/div>\n\t\n\t\t<\/div>\n\t\t\t\t\t<\/div>\n\n\t\n<\/div>\n\t\t<\/div>\n\t\t\t\t\t<\/div>\n\n\t\n<\/div>\n\t<div class=\"img has-hover x md-x lg-x y md-y lg-y\" id=\"image_1194157983\">\n\t\t\t\t\t\t\t\t<div class=\"img-inner dark\" >\n\t\t\t<img loading=\"lazy\" decoding=\"async\" width=\"1402\" height=\"1122\" src=\"https:\/\/hangzhouapeptides.com\/wp-content\/uploads\/2026\/04\/ordeessss.png\" class=\"attachment-original size-original\" alt=\"\" srcset=\"https:\/\/hangzhouapeptides.com\/wp-content\/uploads\/2026\/04\/ordeessss.png 1402w, https:\/\/hangzhouapeptides.com\/wp-content\/uploads\/2026\/04\/ordeessss-300x240.png 300w, https:\/\/hangzhouapeptides.com\/wp-content\/uploads\/2026\/04\/ordeessss-1024x819.png 1024w, https:\/\/hangzhouapeptides.com\/wp-content\/uploads\/2026\/04\/ordeessss-768x615.png 768w, https:\/\/hangzhouapeptides.com\/wp-content\/uploads\/2026\/04\/ordeessss-15x12.png 15w, https:\/\/hangzhouapeptides.com\/wp-content\/uploads\/2026\/04\/ordeessss-600x480.png 600w\" sizes=\"auto, (max-width: 1402px) 100vw, 1402px\" \/>\t\t\t\t\t\t\n\t\t\t\t\t<\/div>\n\t\t\t\t\t\t\t\t\n<style>\n#image_1194157983 {\n  width: 100%;\n}\n<\/style>\n\t<\/div>\n\t\n\t<div class=\"img has-hover x md-x lg-x y md-y lg-y\" id=\"image_1863034673\">\n\t\t\t\t\t\t\t\t<div class=\"img-inner dark\" >\n\t\t\t<img loading=\"lazy\" decoding=\"async\" width=\"1020\" height=\"253\" src=\"https:\/\/hangzhouapeptides.com\/wp-content\/uploads\/2026\/01\/PEPTIDE-SHIPPING-1024x254.jpg\" class=\"attachment-large size-large\" alt=\"PEPTIDVERSAND\" srcset=\"https:\/\/hangzhouapeptides.com\/wp-content\/uploads\/2026\/01\/PEPTIDE-SHIPPING-1024x254.jpg 1024w, https:\/\/hangzhouapeptides.com\/wp-content\/uploads\/2026\/01\/PEPTIDE-SHIPPING-300x74.jpg 300w, https:\/\/hangzhouapeptides.com\/wp-content\/uploads\/2026\/01\/PEPTIDE-SHIPPING-768x191.jpg 768w, https:\/\/hangzhouapeptides.com\/wp-content\/uploads\/2026\/01\/PEPTIDE-SHIPPING-600x149.jpg 600w, https:\/\/hangzhouapeptides.com\/wp-content\/uploads\/2026\/01\/PEPTIDE-SHIPPING.jpg 1080w\" sizes=\"auto, (max-width: 1020px) 100vw, 1020px\" \/>\t\t\t\t\t\t\n\t\t\t\t\t<\/div>\n\t\t\t\t\t\t\t\t\n<style>\n#image_1863034673 {\n  width: 100%;\n}\n<\/style>\n\t<\/div>\n\t\n<div class=\"row\"  id=\"row-1466888711\">\n\n\t<div id=\"col-1131205145\" class=\"col small-12 large-12\"  >\n\t\t\t\t<div class=\"col-inner\"  >\n\t\t\t\n\t\t\t\n\t<div id=\"text-2622379941\" class=\"text\">\n\t\t\n<h2 data-start=\"798\" data-end=\"822\">Bearbeitungszeit f\u00fcr Bestellungen<\/h2>\n\t\t\n<style>\n#text-2622379941 {\n  font-size: 0.75rem;\n  color: #d26e4b;\n}\n#text-2622379941 > * {\n  color: #d26e4b;\n}\n<\/style>\n\t<\/div>\n\t\n<div class=\"row\"  id=\"row-43858069\">\n\n\t<div id=\"col-1117699591\" class=\"col small-12 large-12\"  >\n\t\t\t\t<div class=\"col-inner\"  >\n\t\t\t\n\t\t\t\n\t<div id=\"text-3811698530\" class=\"text\">\n\t\t\n<h2 data-start=\"798\" data-end=\"822\">\u00a0<\/h2>\n<ul data-start=\"824\" data-end=\"1080\">\n<li data-start=\"824\" data-end=\"913\">\n<p data-start=\"826\" data-end=\"913\">Bestellungen werden normalerweise bearbeitet innerhalb <strong data-start=\"864\" data-end=\"885\">1\u20133 Werktage<\/strong> nach Zahlungsbest\u00e4tigung.<\/p>\n<\/li>\n<li data-start=\"914\" data-end=\"1004\">\n<p data-start=\"916\" data-end=\"1004\">Bestellungen, die an Wochenenden oder Feiertagen aufgegeben werden, werden am n\u00e4chsten Werktag bearbeitet.<\/p>\n<\/li>\n<li data-start=\"1005\" data-end=\"1080\">\n<p data-start=\"1007\" data-end=\"1080\">W\u00e4hrend Zeiten hoher Nachfrage k\u00f6nnen sich die Bearbeitungszeiten leicht verl\u00e4ngern.<\/p>\n<\/li>\n<\/ul>\n<p data-start=\"1082\" data-end=\"1217\">Sobald Ihre Bestellung versandt wurde, erhalten Sie eine <strong data-start=\"1135\" data-end=\"1166\">Versandbest\u00e4tigungs-E-Mail<\/strong> mit Sendungsverfolgungsinformationen (sofern verf\u00fcgbar).<\/p>\n\t\t\n<style>\n#text-3811698530 {\n  font-size: 0.75rem;\n  color: rgb(0,0,0);\n}\n#text-3811698530 > * {\n  color: rgb(0,0,0);\n}\n<\/style>\n\t<\/div>\n\t\n\t\t<\/div>\n\t\t\t\t\t<\/div>\n\n\t\n<\/div>\n\t\t<\/div>\n\t\t\t\t\t<\/div>\n\n\t\n<\/div>\n\t<div class=\"img has-hover x md-x lg-x y md-y lg-y\" id=\"image_214257559\">\n\t\t\t\t\t\t\t\t<div class=\"img-inner dark\" >\n\t\t\t<img loading=\"lazy\" decoding=\"async\" width=\"1020\" height=\"156\" src=\"https:\/\/hangzhouapeptides.com\/wp-content\/uploads\/2026\/01\/PEPTIDE-SUPPLY-1024x157.jpg\" class=\"attachment-large size-large\" alt=\"Peptid f\u00fcr die Forschung\" srcset=\"https:\/\/hangzhouapeptides.com\/wp-content\/uploads\/2026\/01\/PEPTIDE-SUPPLY-1024x157.jpg 1024w, https:\/\/hangzhouapeptides.com\/wp-content\/uploads\/2026\/01\/PEPTIDE-SUPPLY-300x46.jpg 300w, https:\/\/hangzhouapeptides.com\/wp-content\/uploads\/2026\/01\/PEPTIDE-SUPPLY-768x118.jpg 768w, https:\/\/hangzhouapeptides.com\/wp-content\/uploads\/2026\/01\/PEPTIDE-SUPPLY-600x92.jpg 600w, https:\/\/hangzhouapeptides.com\/wp-content\/uploads\/2026\/01\/PEPTIDE-SUPPLY.jpg 1080w\" sizes=\"auto, (max-width: 1020px) 100vw, 1020px\" \/>\t\t\t\t\t\t\n\t\t\t\t\t<\/div>\n\t\t\t\t\t\t\t\t\n<style>\n#image_214257559 {\n  width: 100%;\n}\n<\/style>\n\t<\/div>\n\t\n<div class=\"row\"  id=\"row-487536155\">\n\n\t<div id=\"col-601873679\" class=\"col medium-4 small-12 large-4\"  >\n\t\t\t\t<div class=\"col-inner\"  >\n\t\t\t\n\t\t\t\n\t<div id=\"text-1800247348\" class=\"text\">\n\t\t\n<h3>Voraussichtliche Lieferzeit<\/h3>\n\t\t\n<style>\n#text-1800247348 {\n  color: #d26e4b;\n}\n#text-1800247348 > * {\n  color: #d26e4b;\n}\n<\/style>\n\t<\/div>\n\t\n\t<div id=\"text-2840096623\" class=\"text\">\n\t\t\n<p data-start=\"1825\" data-end=\"1927\">Voraussichtliche Lieferzeiten beginnen <strong data-start=\"1856\" data-end=\"1895\">nachdem die Bestellung versandt wurde<\/strong>, nicht ab dem Kaufdatum.<\/p>\n<ul data-start=\"1929\" data-end=\"2072\">\n<li data-start=\"1929\" data-end=\"1973\">\n<p data-start=\"1931\" data-end=\"1973\"><strong data-start=\"1931\" data-end=\"1953\">Inlandsversand:<\/strong> 3\u20137 Werktage<\/p>\n<\/li>\n<li data-start=\"1974\" data-end=\"2072\">\n<p data-start=\"1976\" data-end=\"2072\"><strong data-start=\"1976\" data-end=\"2003\">Internationaler Versand<\/strong> 7\u201321 Werktage (abh\u00e4ngig vom Bestimmungsort und der Zollabfertigung)<\/p>\n<\/li>\n<\/ul>\n<p data-start=\"2074\" data-end=\"2214\">Lieferzeiten sind Sch\u00e4tzungen und k\u00f6nnen durch von uns nicht zu beeinflussende Faktoren wie Zollverz\u00f6gerungen oder St\u00f6rungen des Kurierdienstes beeintr\u00e4chtigt werden.<\/p>\n\t\t\n<style>\n#text-2840096623 {\n  font-size: 0.75rem;\n  color: rgb(0,0,0);\n}\n#text-2840096623 > * {\n  color: rgb(0,0,0);\n}\n<\/style>\n\t<\/div>\n\t\n\t\t<\/div>\n\t\t\t\t\t<\/div>\n\n\t\n\n\t<div id=\"col-1253844349\" class=\"col medium-4 small-12 large-4\"  >\n\t\t\t\t<div class=\"col-inner\"  >\n\t\t\t\n\t\t\t\n\t<div id=\"text-2457588133\" class=\"text\">\n\t\t\n<h3>Verlorene oder versp\u00e4tete Sendungen<\/h3>\n\t\t\n<style>\n#text-2457588133 {\n  color: #d26e4b;\n}\n#text-2457588133 > * {\n  color: #d26e4b;\n}\n<\/style>\n\t<\/div>\n\t\n\t<div id=\"text-753100272\" class=\"text\">\n\t\t\n<p data-start=\"3304\" data-end=\"3342\">Wenn Ihre Bestellung versp\u00e4tet oder verloren gegangen zu sein scheint:<\/p>\n<ul data-start=\"3344\" data-end=\"3596\">\n<li data-start=\"3344\" data-end=\"3426\">\n<p data-start=\"3346\" data-end=\"3426\">Bitte lassen Sie die gesamte gesch\u00e4tzte Lieferzeit verstreichen, bevor Sie den Support kontaktieren.<\/p>\n<\/li>\n<li data-start=\"3427\" data-end=\"3516\">\n<p data-start=\"3429\" data-end=\"3516\">Sobald der Kurier den Verlust best\u00e4tigt hat, werden wir gem\u00e4\u00df unserem L\u00f6sungsprozess weiterhelfen.<\/p>\n<\/li>\n<li data-start=\"3517\" data-end=\"3596\">\n<p data-start=\"3519\" data-end=\"3596\">Wir sind nicht verantwortlich f\u00fcr falsche Versandadressen, die beim Bezahlvorgang angegeben werden.<\/p>\n<\/li>\n<\/ul>\n\t\t\n<style>\n#text-753100272 {\n  font-size: 0.75rem;\n  color: rgb(0,0,0);\n}\n#text-753100272 > * {\n  color: rgb(0,0,0);\n}\n<\/style>\n\t<\/div>\n\t\n\t\t<\/div>\n\t\t\t\t\t<\/div>\n\n\t\n<\/div>\n<div class=\"row\"  id=\"row-1309832718\">\n\n\t<div id=\"col-802899980\" class=\"col small-12 large-12\"  >\n\t\t\t\t<div class=\"col-inner\"  >\n\t\t\t\n\t\t\t\n<div class=\"row\"  id=\"row-634239289\">\n\n\t<div id=\"col-544642216\" class=\"col small-12 large-12\"  >\n\t\t\t\t<div class=\"col-inner\"  >\n\t\t\t\n\t\t\t\n\t<div id=\"text-1000837057\" class=\"text\">\n\t\t\n<h2>Frage<\/h2>\n\t\t\n<style>\n#text-1000837057 {\n  font-size: 0.95rem;\n  color: #d26e4b;\n}\n#text-1000837057 > * {\n  color: #d26e4b;\n}\n<\/style>\n\t<\/div>\n\t\n\t<div id=\"text-1001532549\" class=\"text\">\n\t\t\n<p>Kontaktieren Sie uns unter <a href=\"https:\/\/hangzhouapeptides.com\/de\/versandrichtlinie\/\">info@hangzhouapeptides.com<\/a><\/p>\n\t\t\n<style>\n#text-1001532549 {\n  font-size: 0.8rem;\n  color: rgb(0,0,0);\n}\n#text-1001532549 > * {\n  color: rgb(0,0,0);\n}\n<\/style>\n\t<\/div>\n\t\n\t\t<\/div>\n\t\t\t\t\t<\/div>\n\n\t\n<\/div>\n\t\t<\/div>\n\t\t\t\t\t<\/div>\n\n\t\n<\/div>\n<div class=\"row\"  id=\"row-1878562080\">\n\n\t<div id=\"col-1588499389\" class=\"col small-12 large-12\"  >\n\t\t\t\t<div class=\"col-inner\"  >\n\t\t\t\n\t\t\t\n<link rel=\"alternate\" hreflang=\"en-us\" href=\"https:\/\/hangzhouapeptides.com\/en-us\/research-peptides\" \/>\n<link rel=\"alternate\" hreflang=\"en-gb\" href=\"https:\/\/hangzhouapeptides.com\/en-gb\/research-peptides\" \/>\n<link rel=\"alternate\" hreflang=\"de\" href=\"https:\/\/hangzhouapeptides.com\/de\/research-peptides\" \/>\n<link rel=\"alternate\" hreflang=\"ar\" href=\"https:\/\/hangzhouapeptides.com\/ar\/research-peptides\" \/>\n<link rel=\"alternate\" hreflang=\"zh\" href=\"https:\/\/hangzhouapeptides.com\/zh\/research-peptides\" \/>\n<link rel=\"alternate\" hreflang=\"x-default\" href=\"https:\/\/hangzhouapeptides.com\/en-us\/research-peptides\" \/>  <!-- fallback --><\/p>\n\t\t<\/div>\n\t\t\t\t\t<\/div>\n\n\t\n<\/div>","protected":false},"excerpt":{"rendered":"","protected":false},"author":1,"featured_media":65,"parent":0,"menu_order":0,"comment_status":"closed","ping_status":"closed","template":"page-blank.php","meta":{"footnotes":""},"class_list":["post-26","page","type-page","status-publish","has-post-thumbnail","hentry"],"jetpack_sharing_enabled":true,"_links":{"self":[{"href":"https:\/\/hangzhouapeptides.com\/de\/wp-json\/wp\/v2\/pages\/26","targetHints":{"allow":["GET"]}}],"collection":[{"href":"https:\/\/hangzhouapeptides.com\/de\/wp-json\/wp\/v2\/pages"}],"about":[{"href":"https:\/\/hangzhouapeptides.com\/de\/wp-json\/wp\/v2\/types\/page"}],"author":[{"embeddable":true,"href":"https:\/\/hangzhouapeptides.com\/de\/wp-json\/wp\/v2\/users\/1"}],"replies":[{"embeddable":true,"href":"https:\/\/hangzhouapeptides.com\/de\/wp-json\/wp\/v2\/comments?post=26"}],"version-history":[{"count":25,"href":"https:\/\/hangzhouapeptides.com\/de\/wp-json\/wp\/v2\/pages\/26\/revisions"}],"predecessor-version":[{"id":816,"href":"https:\/\/hangzhouapeptides.com\/de\/wp-json\/wp\/v2\/pages\/26\/revisions\/816"}],"wp:featuredmedia":[{"embeddable":true,"href":"https:\/\/hangzhouapeptides.com\/de\/wp-json\/wp\/v2\/media\/65"}],"wp:attachment":[{"href":"https:\/\/hangzhouapeptides.com\/de\/wp-json\/wp\/v2\/media?parent=26"}],"curies":[{"name":"wp","href":"https:\/\/api.w.org\/{rel}","templated":true}]}}